{"id":339,"date":"2024-03-02T14:40:13","date_gmt":"2024-03-02T14:40:13","guid":{"rendered":"https:\/\/biztipont.hu\/?page_id=339"},"modified":"2024-04-20T21:55:45","modified_gmt":"2024-04-20T21:55:45","slug":"rolunk","status":"publish","type":"page","link":"https:\/\/biztipont.hu\/?page_id=339","title":{"rendered":"Landing page"},"content":{"rendered":"\t\t<div data-elementor-type=\"wp-page\" data-elementor-id=\"339\" class=\"elementor elementor-339\" data-elementor-post-type=\"page\">\n\t\t\t\t<div class=\"elementor-element elementor-element-f31d9e3 e-con-full e-flex e-con e-parent\" data-id=\"f31d9e3\" data-element_type=\"container\" data-e-type=\"container\" data-settings=\"{&quot;background_background&quot;:&quot;classic&quot;}\">\n\t\t\t\t<div class=\"elementor-element elementor-element-78f1ecd elementor-absolute elementor-widget elementor-widget-heading\" data-id=\"78f1ecd\" data-element_type=\"widget\" data-e-type=\"widget\" data-settings=\"{&quot;_position&quot;:&quot;absolute&quot;}\" data-widget_type=\"heading.default\">\n\t\t\t\t\t<h2 class=\"elementor-heading-title elementor-size-default\">Mi\u00e9rt kock\u00e1ztatn\u00e1l?            Ne v\u00e1rj a bajra!<\/h2>\t\t\t\t<\/div>\n\t\t\t\t<div class=\"elementor-element elementor-element-cf2e9bd elementor-absolute elementor-widget elementor-widget-text-editor\" data-id=\"cf2e9bd\" data-element_type=\"widget\" data-e-type=\"widget\" data-settings=\"{&quot;_position&quot;:&quot;absolute&quot;}\" data-widget_type=\"text-editor.default\">\n\t\t\t\t\t\t\t\t\t<p>V\u00e1ratlan esem\u00e9nyek b\u00e1rmikor bek\u00f6vetkezhetnek, \u00e9s s\u00falyos anyagi k\u00e1rokat okozhatnak.\u00a0<\/p><p>Egy megfelel\u0151 biztos\u00edt\u00e1ssal megv\u00e9dheted magad csal\u00e1dodat \u00e9s az \u00e9rt\u00e9keidet.\u00a0<\/p>\t\t\t\t\t\t\t\t<\/div>\n\t\t\t\t<\/div>\n\t\t<div class=\"elementor-element elementor-element-17ecb2d e-flex e-con-boxed e-con e-parent\" data-id=\"17ecb2d\" data-element_type=\"container\" data-e-type=\"container\">\n\t\t\t\t\t<div class=\"e-con-inner\">\n\t\t<div class=\"elementor-element elementor-element-8912367 e-con-full e-flex e-con e-child\" data-id=\"8912367\" data-element_type=\"container\" data-e-type=\"container\">\n\t\t\t\t<div class=\"elementor-element elementor-element-f0b756a elementor-absolute elementor-widget elementor-widget-image\" data-id=\"f0b756a\" data-element_type=\"widget\" data-e-type=\"widget\" data-settings=\"{&quot;_position&quot;:&quot;absolute&quot;}\" data-widget_type=\"image.default\">\n\t\t\t\t\t\t\t\t\t\t\t\t\t\t\t<img fetchpriority=\"high\" decoding=\"async\" width=\"600\" height=\"399\" src=\"https:\/\/biztipont.hu\/wp-content\/uploads\/2024\/04\/just-put-your-signature-here-600nw-431851042-ezgif.com-webp-to-jpg-converter.jpg\" class=\"attachment-full size-full wp-image-2588\" alt=\"\" srcset=\"https:\/\/biztipont.hu\/wp-content\/uploads\/2024\/04\/just-put-your-signature-here-600nw-431851042-ezgif.com-webp-to-jpg-converter.jpg 600w, https:\/\/biztipont.hu\/wp-content\/uploads\/2024\/04\/just-put-your-signature-here-600nw-431851042-ezgif.com-webp-to-jpg-converter-300x200.jpg 300w\" sizes=\"(max-width: 600px) 100vw, 600px\" \/>\t\t\t\t\t\t\t\t\t\t\t\t\t\t\t<\/div>\n\t\t\t\t<\/div>\n\t\t<div class=\"elementor-element elementor-element-1c17ad0 e-con-full e-flex e-con e-child\" data-id=\"1c17ad0\" data-element_type=\"container\" data-e-type=\"container\">\n\t\t\t\t<div class=\"elementor-element elementor-element-3dc244f elementor-absolute elementor-widget elementor-widget-heading\" data-id=\"3dc244f\" data-element_type=\"widget\" data-e-type=\"widget\" data-settings=\"{&quot;_position&quot;:&quot;absolute&quot;}\" data-widget_type=\"heading.default\">\n\t\t\t\t\t<h2 class=\"elementor-heading-title elementor-size-default\">Mi\u00e9rt \u00e9ri meg n\u00e1lam biztos\u00edt\u00e1st k\u00f6tni?<\/h2>\t\t\t\t<\/div>\n\t\t\t\t<div class=\"elementor-element elementor-element-9e3c9e6 elementor-widget elementor-widget-text-editor\" data-id=\"9e3c9e6\" data-element_type=\"widget\" data-e-type=\"widget\" data-widget_type=\"text-editor.default\">\n\t\t\t\t\t\t\t\t\t<p>Mert \u00e9n a Te \u00e9rdekeidet k\u00e9pviselem!<\/p>\t\t\t\t\t\t\t\t<\/div>\n\t\t\t\t<div class=\"elementor-element elementor-element-95d638e elementor-widget elementor-widget-text-editor\" data-id=\"95d638e\" data-element_type=\"widget\" data-e-type=\"widget\" data-widget_type=\"text-editor.default\">\n\t\t\t\t\t\t\t\t\t<p>A biztos\u00edt\u00e1si szerz\u0151d\u00e9sek \u00e9ves fel\u00fclvizsg\u00e1lata elengedhetetlen, hogy biztos\u00edtsd a megfelel\u0151 fedezetet \u00e9s a kedvez\u0151 kond\u00edci\u00f3kat. De valljuk be, ez id\u0151ig\u00e9nyes \u00e9s bonyolult feladat is lehet. \u00c9n ezt a feladatot is leveszem a v\u00e1lladr\u00f3l. Figyelem szerz\u0151d\u00e9sed \u00e9vfordul\u00f3j\u00e1t \u00e9s automatikusan megversenyeztetem a biztos\u00edt\u00f3kat, hogy neked m\u00e1r csak a legjobb aj\u00e1nlatokat kelljen elfogadnod vagy testre szabnod.<\/p>\t\t\t\t\t\t\t\t<\/div>\n\t\t\t\t<div class=\"elementor-element elementor-element-8de351e elementor-widget elementor-widget-text-editor\" data-id=\"8de351e\" data-element_type=\"widget\" data-e-type=\"widget\" data-widget_type=\"text-editor.default\">\n\t\t\t\t\t\t\t\t\t<p>Alkuszodk\u00e9nt a bajban is melletted \u00e1llok!<\/p>\t\t\t\t\t\t\t\t<\/div>\n\t\t\t\t<div class=\"elementor-element elementor-element-37a53db elementor-widget elementor-widget-text-editor\" data-id=\"37a53db\" data-element_type=\"widget\" data-e-type=\"widget\" data-widget_type=\"text-editor.default\">\n\t\t\t\t\t\t\t\t\t<p>Velem gyorsan, egyszer\u0171en, szem\u00e9lyesen vagy ak\u00e1r online is int\u00e9zheted a biztos\u00edt\u00e1sk\u00f6t\u00e9st \u00e9s az \u00fcgyint\u00e9z\u00e9st. K\u00e1r eset\u00e9n pedig seg\u00edts\u00e9get ny\u00fajtok a k\u00e1r bejelent\u00e9s\u00e9ben, a k\u00e1rrendez\u00e9si folyamat meg\u00e9rt\u00e9s\u00e9ben is.<\/p>\t\t\t\t\t\t\t\t<\/div>\n\t\t\t\t<div class=\"elementor-element elementor-element-f5b4392 elementor-widget elementor-widget-text-editor\" data-id=\"f5b4392\" data-element_type=\"widget\" data-e-type=\"widget\" data-widget_type=\"text-editor.default\">\n\t\t\t\t\t\t\t\t\t<p>Egy rossz biztos\u00edt\u00e1s okozza a legnagyobb k\u00e1rt!<\/p>\t\t\t\t\t\t\t\t<\/div>\n\t\t\t\t<div class=\"elementor-element elementor-element-81f0fc6 elementor-widget elementor-widget-text-editor\" data-id=\"81f0fc6\" data-element_type=\"widget\" data-e-type=\"widget\" data-widget_type=\"text-editor.default\">\n\t\t\t\t\t\t\t\t\t<p>Nem az olcs\u00f3 aj\u00e1nlatokat hozzom neked, hanem a legmegfelel\u0151bbet! Alkuszodk\u00e9nt ugyanis egyik legfontosabb feladatom, hogy olyan megold\u00e1sokat k\u00edn\u00e1ljak, melyek val\u00f3ban fizetnek, ha k\u00e1resem\u00e9nyed van. Mindemellett figyelek r\u00e1, hogy biztos\u00edt\u00e1sod ne csak megfelel\u0151, hanem p\u00e9nzt\u00e1rcabar\u00e1t is legyen.<\/p>\t\t\t\t\t\t\t\t<\/div>\n\t\t\t\t<div class=\"elementor-element elementor-element-a555c09 elementor-widget elementor-widget-text-editor\" data-id=\"a555c09\" data-element_type=\"widget\" data-e-type=\"widget\" data-widget_type=\"text-editor.default\">\n\t\t\t\t\t\t\t\t\t<p class=\"title\">El\u00e9rsz, b\u00e1rhol \u00e9s b\u00e1rmikor.<\/p>\t\t\t\t\t\t\t\t<\/div>\n\t\t\t\t<div class=\"elementor-element elementor-element-d6603d5 elementor-widget elementor-widget-text-editor\" data-id=\"d6603d5\" data-element_type=\"widget\" data-e-type=\"widget\" data-widget_type=\"text-editor.default\">\n\t\t\t\t\t\t\t\t\t<p>Munk\u00e1m l\u00e9nyege, hogy akkor legyek ott veled, amikor sz\u00fcks\u00e9ged van r\u00e1m. A biztos\u00edt\u00e1si piacon egyed\u00fcl\u00e1ll\u00f3an rugalmas el\u00e9rhet\u0151s\u00e9ggel, \u00e1llok rendelkez\u00e9sedre.<\/p>\t\t\t\t\t\t\t\t<\/div>\n\t\t\t\t<\/div>\n\t\t\t\t\t<\/div>\n\t\t\t\t<\/div>\n\t\t<div class=\"elementor-element elementor-element-b964661 e-con-full e-flex e-con e-parent\" data-id=\"b964661\" data-element_type=\"container\" data-e-type=\"container\" data-settings=\"{&quot;background_background&quot;:&quot;classic&quot;}\">\n\t\t<div class=\"elementor-element elementor-element-df725e6 e-con-full e-flex e-con e-child\" data-id=\"df725e6\" data-element_type=\"container\" data-e-type=\"container\">\n\t\t\t\t<div class=\"elementor-element elementor-element-9731247 elementor-widget elementor-widget-text-editor\" data-id=\"9731247\" data-element_type=\"widget\" data-e-type=\"widget\" data-widget_type=\"text-editor.default\">\n\t\t\t\t\t\t\t\t\t<h6>Magyarorsz\u00e1g piacvezet\u0151 alkuszc\u00e9g\u00e9nek partnerek\u00e9nt d\u00edjmentesen megkeresem sz\u00e1modra a legmegfelel\u0151bb biztos\u00edt\u00e1si aj\u00e1nlatokat.<\/h6>\t\t\t\t\t\t\t\t<\/div>\n\t\t\t\t<div class=\"elementor-element elementor-element-4b7d29e elementor-widget elementor-widget-text-editor\" data-id=\"4b7d29e\" data-element_type=\"widget\" data-e-type=\"widget\" data-widget_type=\"text-editor.default\">\n\t\t\t\t\t\t\t\t\t<p>K\u00e9rj visszah\u00edv\u00e1st \u00e9s 24 \u00f3r\u00e1n bel\u00fcl felveszem veled a kapcsolatot!<\/p>\t\t\t\t\t\t\t\t<\/div>\n\t\t\t\t<div class=\"elementor-element elementor-element-3787d2a elementor-button-align-stretch elementor-widget elementor-widget-form\" data-id=\"3787d2a\" data-element_type=\"widget\" data-e-type=\"widget\" data-settings=\"{&quot;step_next_label&quot;:&quot;K\\u00f6vetkez\\u0151&quot;,&quot;step_previous_label&quot;:&quot;El\\u0151z\\u0151&quot;,&quot;button_width&quot;:&quot;100&quot;,&quot;step_type&quot;:&quot;number_text&quot;,&quot;step_icon_shape&quot;:&quot;circle&quot;}\" data-widget_type=\"form.default\">\n\t\t\t\t\t\t\t<form class=\"elementor-form\" method=\"post\" name=\"\u00daj \u0171rlap\" aria-label=\"\u00daj \u0171rlap\">\n\t\t\t<input type=\"hidden\" name=\"post_id\" value=\"339\"\/>\n\t\t\t<input type=\"hidden\" name=\"form_id\" value=\"3787d2a\"\/>\n\t\t\t<input type=\"hidden\" name=\"referer_title\" value=\"Landing page\" \/>\n\n\t\t\t\t\t\t\t<input type=\"hidden\" name=\"queried_id\" value=\"339\"\/>\n\t\t\t\n\t\t\t<div class=\"elementor-form-fields-wrapper elementor-labels-above\">\n\t\t\t\t\t\t\t\t<div class=\"elementor-field-type-text elementor-field-group elementor-column elementor-field-group-name elementor-col-100\">\n\t\t\t\t\t\t\t\t\t\t\t\t<label for=\"form-field-name\" class=\"elementor-field-label\">\n\t\t\t\t\t\t\t\tN\u00e9v\t\t\t\t\t\t\t<\/label>\n\t\t\t\t\t\t\t\t\t\t\t\t\t\t<input size=\"1\" type=\"text\" name=\"form_fields[name]\" id=\"form-field-name\" class=\"elementor-field elementor-size-sm  elementor-field-textual\" placeholder=\"N\u00e9v\">\n\t\t\t\t\t\t\t\t\t\t\t<\/div>\n\t\t\t\t\t\t\t\t<div class=\"elementor-field-type-email elementor-field-group elementor-column elementor-field-group-email elementor-col-100 elementor-field-required elementor-mark-required\">\n\t\t\t\t\t\t\t\t\t\t\t\t<label for=\"form-field-email\" class=\"elementor-field-label\">\n\t\t\t\t\t\t\t\tEmail\t\t\t\t\t\t\t<\/label>\n\t\t\t\t\t\t\t\t\t\t\t\t\t\t<input size=\"1\" type=\"email\" name=\"form_fields[email]\" id=\"form-field-email\" class=\"elementor-field elementor-size-sm  elementor-field-textual\" placeholder=\"Email\" required=\"required\">\n\t\t\t\t\t\t\t\t\t\t\t<\/div>\n\t\t\t\t\t\t\t\t<div class=\"elementor-field-type-tel elementor-field-group elementor-column elementor-field-group-field_56bfe7a elementor-col-100 elementor-field-required elementor-mark-required\">\n\t\t\t\t\t\t\t\t\t\t\t\t<label for=\"form-field-field_56bfe7a\" class=\"elementor-field-label\">\n\t\t\t\t\t\t\t\tTelefonsz\u00e1m\t\t\t\t\t\t\t<\/label>\n\t\t\t\t\t\t\t\t<input size=\"1\" type=\"tel\" name=\"form_fields[field_56bfe7a]\" id=\"form-field-field_56bfe7a\" class=\"elementor-field elementor-size-sm  elementor-field-textual\" placeholder=\"Email\" required=\"required\" pattern=\"[0-9()#&amp;+*-=.]+\" title=\"Only numbers and phone characters (#, -, *, etc) are accepted.\">\n\n\t\t\t\t\t\t<\/div>\n\t\t\t\t\t\t\t\t<div class=\"elementor-field-type-textarea elementor-field-group elementor-column elementor-field-group-message elementor-col-100 elementor-field-required elementor-mark-required\">\n\t\t\t\t\t\t\t\t\t\t\t\t<label for=\"form-field-message\" class=\"elementor-field-label\">\n\t\t\t\t\t\t\t\t\u00dczenet\t\t\t\t\t\t\t<\/label>\n\t\t\t\t\t\t<textarea class=\"elementor-field-textual elementor-field  elementor-size-sm\" name=\"form_fields[message]\" id=\"form-field-message\" rows=\"4\" placeholder=\"\u00dczenet\" required=\"required\"><\/textarea>\t\t\t\t<\/div>\n\t\t\t\t\t\t\t\t<div class=\"elementor-field-group elementor-column elementor-field-type-submit elementor-col-100 e-form__buttons\">\n\t\t\t\t\t<button class=\"elementor-button elementor-size-sm\" type=\"submit\">\n\t\t\t\t\t\t<span class=\"elementor-button-content-wrapper\">\n\t\t\t\t\t\t\t\t\t\t\t\t\t\t\t<span class=\"elementor-button-icon\">\n\t\t\t\t\t\t\t\t\t<svg aria-hidden=\"true\" class=\"e-font-icon-svg e-fas-mail-bulk\" viewBox=\"0 0 576 512\" xmlns=\"http:\/\/www.w3.org\/2000\/svg\"><path d=\"M160 448c-25.6 0-51.2-22.4-64-32-64-44.8-83.2-60.8-96-70.4V480c0 17.67 14.33 32 32 32h256c17.67 0 32-14.33 32-32V345.6c-12.8 9.6-32 25.6-96 70.4-12.8 9.6-38.4 32-64 32zm128-192H32c-17.67 0-32 14.33-32 32v16c25.6 19.2 22.4 19.2 115.2 86.4 9.6 6.4 28.8 25.6 44.8 25.6s35.2-19.2 44.8-22.4c92.8-67.2 89.6-67.2 115.2-86.4V288c0-17.67-14.33-32-32-32zm256-96H224c-17.67 0-32 14.33-32 32v32h96c33.21 0 60.59 25.42 63.71 57.82l.29-.22V416h192c17.67 0 32-14.33 32-32V192c0-17.67-14.33-32-32-32zm-32 128h-64v-64h64v64zm-352-96c0-35.29 28.71-64 64-64h224V32c0-17.67-14.33-32-32-32H96C78.33 0 64 14.33 64 32v192h96v-32z\"><\/path><\/svg>\t\t\t\t\t\t\t\t\t\t\t\t\t\t\t\t\t<\/span>\n\t\t\t\t\t\t\t\t\t\t\t\t\t\t\t\t\t\t\t\t\t\t<span class=\"elementor-button-text\">K\u00fcld\u00e9s<\/span>\n\t\t\t\t\t\t\t\t\t\t\t\t\t<\/span>\n\t\t\t\t\t<\/button>\n\t\t\t\t<\/div>\n\t\t\t<\/div>\n\t\t<\/form>\n\t\t\t\t\t\t<\/div>\n\t\t\t\t<\/div>\n\t\t<div class=\"elementor-element elementor-element-b18a39a e-con-full e-flex e-con e-child\" data-id=\"b18a39a\" data-element_type=\"container\" data-e-type=\"container\">\n\t\t\t\t<div class=\"elementor-element elementor-element-5028d66 elementor-absolute elementor-widget elementor-widget-image\" data-id=\"5028d66\" data-element_type=\"widget\" data-e-type=\"widget\" data-settings=\"{&quot;_position&quot;:&quot;absolute&quot;}\" data-widget_type=\"image.default\">\n\t\t\t\t\t\t\t\t\t\t\t\t\t\t\t<img decoding=\"async\" width=\"800\" height=\"238\" src=\"https:\/\/biztipont.hu\/wp-content\/uploads\/2024\/03\/Biztipont-alap-feher-logo-1024x304.png\" class=\"attachment-large size-large wp-image-1309\" alt=\"\" srcset=\"https:\/\/biztipont.hu\/wp-content\/uploads\/2024\/03\/Biztipont-alap-feher-logo-1024x304.png 1024w, https:\/\/biztipont.hu\/wp-content\/uploads\/2024\/03\/Biztipont-alap-feher-logo-300x89.png 300w, https:\/\/biztipont.hu\/wp-content\/uploads\/2024\/03\/Biztipont-alap-feher-logo-768x228.png 768w, https:\/\/biztipont.hu\/wp-content\/uploads\/2024\/03\/Biztipont-alap-feher-logo-1536x456.png 1536w, https:\/\/biztipont.hu\/wp-content\/uploads\/2024\/03\/Biztipont-alap-feher-logo.png 1995w\" sizes=\"(max-width: 800px) 100vw, 800px\" \/>\t\t\t\t\t\t\t\t\t\t\t\t\t\t\t<\/div>\n\t\t\t\t<div class=\"elementor-element elementor-element-b1a0a3b elementor-widget elementor-widget-text-editor\" data-id=\"b1a0a3b\" data-element_type=\"widget\" data-e-type=\"widget\" data-widget_type=\"text-editor.default\">\n\t\t\t\t\t\t\t\t\t<p>K\u00fcldet\u00e9sem, hogy seg\u00edtsek neked eligazodni a biztos\u00edt\u00e1si aj\u00e1nlatok k\u00f6z\u00f6tt, megtal\u00e1ljuk \u00e9s folyamatosan gondozzuk a sz\u00e1modra legmegfelel\u0151bb biztos\u00edt\u00e1st.<\/p>\t\t\t\t\t\t\t\t<\/div>\n\t\t\t\t<\/div>\n\t\t\t\t<\/div>\n\t\t<div class=\"elementor-element elementor-element-027aec3 e-flex e-con-boxed e-con e-parent\" data-id=\"027aec3\" data-element_type=\"container\" data-e-type=\"container\" data-settings=\"{&quot;background_background&quot;:&quot;classic&quot;}\">\n\t\t\t\t\t<div class=\"e-con-inner\">\n\t\t\t\t\t<\/div>\n\t\t\t\t<\/div>\n\t\t\t\t<\/div>\n\t\t","protected":false},"excerpt":{"rendered":"<p>Mi\u00e9rt kock\u00e1ztatn\u00e1l? Ne v\u00e1rj a bajra! V\u00e1ratlan esem\u00e9nyek b\u00e1rmikor bek\u00f6vetkezhetnek, \u00e9s s\u00falyos anyagi k\u00e1rokat okozhatnak.\u00a0 Egy megfelel\u0151 biztos\u00edt\u00e1ssal megv\u00e9dheted magad csal\u00e1dodat \u00e9s az \u00e9rt\u00e9keidet.\u00a0 Mi\u00e9rt \u00e9ri meg n\u00e1lam biztos\u00edt\u00e1st k\u00f6tni? Mert \u00e9n a Te \u00e9rdekeidet k\u00e9pviselem! A biztos\u00edt\u00e1si szerz\u0151d\u00e9sek \u00e9ves fel\u00fclvizsg\u00e1lata elengedhetetlen, hogy biztos\u00edtsd a megfelel\u0151 fedezetet \u00e9s a kedvez\u0151 kond\u00edci\u00f3kat. De valljuk be, ez [&hellip;]<\/p>\n","protected":false},"author":1,"featured_media":0,"parent":0,"menu_order":0,"comment_status":"closed","ping_status":"closed","template":"","meta":{"footnotes":""},"class_list":["post-339","page","type-page","status-publish","hentry"],"_links":{"self":[{"href":"https:\/\/biztipont.hu\/index.php?rest_route=\/wp\/v2\/pages\/339","targetHints":{"allow":["GET"]}}],"collection":[{"href":"https:\/\/biztipont.hu\/index.php?rest_route=\/wp\/v2\/pages"}],"about":[{"href":"https:\/\/biztipont.hu\/index.php?rest_route=\/wp\/v2\/types\/page"}],"author":[{"embeddable":true,"href":"https:\/\/biztipont.hu\/index.php?rest_route=\/wp\/v2\/users\/1"}],"replies":[{"embeddable":true,"href":"https:\/\/biztipont.hu\/index.php?rest_route=%2Fwp%2Fv2%2Fcomments&post=339"}],"version-history":[{"count":0,"href":"https:\/\/biztipont.hu\/index.php?rest_route=\/wp\/v2\/pages\/339\/revisions"}],"wp:attachment":[{"href":"https:\/\/biztipont.hu\/index.php?rest_route=%2Fwp%2Fv2%2Fmedia&parent=339"}],"curies":[{"name":"wp","href":"https:\/\/api.w.org\/{rel}","templated":true}]}}