{"id":2088,"date":"2024-04-03T11:29:22","date_gmt":"2024-04-03T11:29:22","guid":{"rendered":"https:\/\/biztipont.hu\/?page_id=2088"},"modified":"2025-03-31T08:58:24","modified_gmt":"2025-03-31T08:58:24","slug":"cookie-tajekoztato","status":"publish","type":"page","link":"https:\/\/biztipont.hu\/?page_id=2088","title":{"rendered":"Cookie t\u00e1j\u00e9koztat\u00f3"},"content":{"rendered":"\t\t<div data-elementor-type=\"wp-page\" data-elementor-id=\"2088\" class=\"elementor elementor-2088\" data-elementor-post-type=\"page\">\n\t\t\t\t<div class=\"elementor-element elementor-element-3d5f65f e-flex e-con-boxed e-con e-parent\" data-id=\"3d5f65f\" data-element_type=\"container\" data-e-type=\"container\">\n\t\t\t\t\t<div class=\"e-con-inner\">\n\t\t\t\t<div class=\"elementor-element elementor-element-80b698b elementor-widget elementor-widget-heading\" data-id=\"80b698b\" data-element_type=\"widget\" data-e-type=\"widget\" data-widget_type=\"heading.default\">\n\t\t\t\t\t<h4 class=\"elementor-heading-title elementor-size-default\">COOKIE T\u00c1J\u00c9KOZTAT\u00d3<\/h4>\t\t\t\t<\/div>\n\t\t\t\t\t<\/div>\n\t\t\t\t<\/div>\n\t\t<div class=\"elementor-element elementor-element-4c95b24 e-flex e-con-boxed e-con e-parent\" data-id=\"4c95b24\" data-element_type=\"container\" data-e-type=\"container\">\n\t\t\t\t\t<div class=\"e-con-inner\">\n\t\t\t\t<div class=\"elementor-element elementor-element-e376c6a elementor-widget elementor-widget-text-editor\" data-id=\"e376c6a\" data-element_type=\"widget\" data-e-type=\"widget\" data-widget_type=\"text-editor.default\">\n\t\t\t\t\t\t\t\t\t<h2><b>COOKIE T\u00c1J\u00c9KOZTAT\u00d3<\/b><\/h2><p>\u00a0<\/p><h4>I.\u00a0 Mi az a s\u00fcti (cookie)?<\/h4><p>A s\u00fctik (cookie-k) olyan kis f\u00e1jlok, amelyeket a megtekintett honlapok helyeznek el a sz\u00e1m\u00edt\u00f3g\u00e9p b\u00f6ng\u00e9sz\u0151j\u00e9ben. A cookie-kat sz\u00e9les k\u00f6rben haszn\u00e1lj\u00e1k a honlapok hat\u00e9kony \u00fczemeltet\u00e9se vagy webes szolg\u00e1ltat\u00e1sok, illetve egy\u00e9nre szabott funkci\u00f3k ny\u00fajt\u00e1sa c\u00e9lj\u00e1b\u00f3l. A s\u00fctik sz\u00e1mtalan funkci\u00f3val rendelkezhetnek, p\u00e9ld\u00e1ul megjegyzik a felhaszn\u00e1l\u00f3 egy\u00e9ni be\u00e1ll\u00edt\u00e1sait, vagy megk\u00f6nny\u00edtik a weboldal haszn\u00e1lat\u00e1t a felhaszn\u00e1l\u00f3k sz\u00e1m\u00e1ra.<\/p><p>A cookie-k lehetnek \u201e\u00e1lland\u00f3\u201d vagy \u201eideiglenes\u201d cookie-k. Az \u00e1lland\u00f3 cookie-t a b\u00f6ng\u00e9sz\u0151 egy meghat\u00e1rozott id\u0151pontig t\u00e1rolja, felt\u00e9ve, hogy azt a felhaszn\u00e1l\u00f3 kor\u00e1bban nem t\u00f6rli, az ideiglenes cookie-t azonban a b\u00f6ng\u00e9sz\u0151 nem t\u00e1rolja, az a b\u00f6ng\u00e9sz\u0151 bez\u00e1r\u00e1s\u00e1val automatikusan t\u00f6rl\u0151dik.<\/p><h4>II.\u00a0 S\u00fctik (cookie-k) \u00e1ltali adatkezel\u00e9s<\/h4><p>A s\u00fctik (cookie-k) \u00e1ltali adatkezel\u00e9s c\u00e9lja: s\u00fctiket haszn\u00e1lunk a tartalmak \u00e9s hirdet\u00e9sek szem\u00e9lyre szab\u00e1s\u00e1hoz, k\u00f6z\u00f6ss\u00e9gi funkci\u00f3k biztos\u00edt\u00e1s\u00e1hoz, valamint weboldalforgalmunk elemz\u00e9s\u00e9hez. Ezenk\u00edv\u00fcl k\u00f6z\u00f6ss\u00e9gi m\u00e9dia-, hirdet\u0151- \u00e9s elemz\u0151 partnereinkkel megosztjuk az \u00d6n weboldalhaszn\u00e1latra vonatkoz\u00f3 adatait, akik kombin\u00e1lhatj\u00e1k az adatokat m\u00e1s olyan adatokkal, amelyeket \u00d6n adott meg sz\u00e1mukra vagy az \u00d6n \u00e1ltal haszn\u00e1lt m\u00e1s szolg\u00e1ltat\u00e1sokb\u00f3l gy\u0171jt\u00f6ttek.<\/p><p>A s\u00fctik seg\u00edts\u00e9g\u00e9vel a T\u00e1rsas\u00e1g nem gy\u0171jt \u00e9s nem t\u00e1rol szem\u00e9lyes azonos\u00edt\u00e1sra alkalmas adatokat. \u00cdgy ezek a s\u00fctik nem tudj\u00e1k \u00d6nt szem\u00e9ly szerint beazonos\u00edtani.<\/p><p>A Honlap bet\u00f6lt\u00e9se sor\u00e1n egy felugr\u00f3 ablakban k\u00e9r\u00fcnk hozz\u00e1j\u00e1rul\u00e1st \u00d6nt\u0151l a cookie-k telep\u00edt\u00e9s\u00e9hez. Amennyiben\u00a0 nem\u00a0 adja\u00a0 meg\u00a0 hozz\u00e1j\u00e1rul\u00e1s\u00e1t,\u00a0 csak\u00a0 a\u00a0 Honlap\u00a0 m\u0171k\u00f6d\u00e9s\u00e9hez\u00a0 sz\u00fcks\u00e9ges<\/p><p>\u201eElengedhetetlen\u201d cookie-kat telep\u00edtj\u00fck az \u00d6n eszk\u00f6z\u00e9n.<\/p><p>A Honlap optimaliz\u00e1ci\u00f3j\u00e1t a Cookiebot by Usercentrics s\u00fctijeinek seg\u00edts\u00e9g\u00e9vel v\u00e9gezz\u00fck. Az adatokat a Cookiebot by Usercentrics t\u00e1rolja. A Cookiebot by Usercentrics adatv\u00e9delmi ir\u00e1nyelvei itt olvashat\u00f3k:<\/p><p><u>https:\/\/<\/u><a href=\"http:\/\/www.cookiebot.com\/en\/privacy-\">www.cookiebot.com\/en\/privacy-<\/a> <u>policy\/?utm_source=google&amp;utm_medium=cpc&amp;utm_term=cookiebot&amp;utm_campaign=cb_dm_hu_eng<\/u><\/p><p><u>_brand_search_prf_lead_n_ca&amp;utm_content=hu-eng-cookiebot-<\/u> <u>brand&amp;campaign_id=20484773991&amp;adset_id=156650250910&amp;ad_id=671248106288&amp;matchtype=p&amp;u<\/u> <u>tm_device=c&amp;gclid=EAIaIQobChMIifnC4NyChAMVWYyDBx3FZgCAEAAYASAAEgKr2PD_BwE<\/u><\/p><h4>III.\u00a0 Milyen s\u00fctiket haszn\u00e1lunk?<\/h4><p><strong>\u00a0<\/strong><span style=\"color: var( --e-global-color-secondary );\">A cookie-k kezel\u00e9s\u00e9nek megk\u00f6nny\u00edt\u00e9se \u00e9rdek\u00e9ben a weboldalunkon alkalmazott cookie-kat funkci\u00f3juk szerint n\u00e9gy kateg\u00f3ri\u00e1ba soroljuk: \u201eElengedhetetlen\u201d, \u201eBe\u00e1ll\u00edt\u00e1sok\u201d, \u201eStatisztikai\u201d \u00e9s &#8222;Marketing\u201d cookie-k csoportj\u00e1ba.<\/span><\/p><h4>3.1.\u00a0 Elengedhetetlen cookie-k<\/h4><p><span style=\"color: var( --e-global-color-secondary );\">Az elengedhetetlen s\u00fctik seg\u00edtenek haszn\u00e1lhat\u00f3v\u00e1 tenni a weboldalunkat az\u00e1ltal, hogy enged\u00e9lyeznek olyan alapvet\u0151 funkci\u00f3kat, mint az oldalon val\u00f3 navig\u00e1ci\u00f3 \u00e9s a weboldal biztons\u00e1gos ter\u00fcleteihez val\u00f3 hozz\u00e1f\u00e9r\u00e9s. A weboldal ezen s\u00fctik n\u00e9lk\u00fcl nem tud megfelel\u0151en m\u0171k\u00f6dni.<\/span><\/p><table><tbody><tr><td width=\"88\"><p><strong>Cookie <\/strong><strong>neve<\/strong><\/p><\/td><td width=\"155\"><p><strong>Cookie<\/strong><strong>\u00a0\u00a0\u00a0\u00a0\u00a0\u00a0\u00a0\u00a0\u00a0\u00a0\u00a0\u00a0\u00a0\u00a0\u00a0 azonos\u00edt\u00f3ja \u00e9s t\u00edpusa<\/strong><\/p><\/td><td width=\"101\"><p><strong>Cookie szolg\u00e1ltat\u00f3<\/strong><\/p><\/td><td width=\"66\"><p><strong>Cookie \u00e1ltal kezelt adatok<\/strong><\/p><\/td><td width=\"128\"><p><strong>Coookie c\u00e9lja<\/strong><\/p><\/td><td width=\"83\"><p><strong>Adatkezel <\/strong><strong>\u00e9s<\/strong><\/p><p><strong>id\u0151tartama<\/strong><\/p><\/td><\/tr><tr><td width=\"88\"><p>Google reCAPTCH A<\/p><\/td><td width=\"155\"><p>rc::a<\/p><p>HTML cookie<\/p><\/td><td width=\"101\"><p>Google<\/p><\/td><td width=\"66\">\u00a0<\/td><td width=\"128\"><p>Az\u00a0\u00a0\u00a0 emberek\u00a0\u00a0\u00a0\u00a0\u00a0\u00a0\u00a0 \u00e9s botok megk\u00fcl\u00f6nb\u00f6ztet\u00e9s<\/p><p>\u00e9re szolg\u00e1l<\/p><\/td><td width=\"83\"><p>Nincs el\u00e9v\u00fcl\u00e9si ideje<\/p><\/td><\/tr><tr><td width=\"88\"><p>Google reCAPTCH A<\/p><\/td><td width=\"155\"><p>rc::c<\/p><p>HTML cookie<\/p><\/td><td width=\"101\"><p>Google<\/p><\/td><td width=\"66\">\u00a0<\/td><td width=\"128\"><p>Az\u00a0\u00a0\u00a0 emberek\u00a0\u00a0\u00a0\u00a0\u00a0\u00a0\u00a0 \u00e9s botok<\/p><p>megk\u00fcl\u00f6nb\u00f6ztet\u00e9s \u00e9re szolg\u00e1l<\/p><\/td><td width=\"83\"><p>B\u00f6ng\u00e9sz\u0151 bez\u00e1r\u00e1skor t\u00f6rl\u0151dik<\/p><\/td><\/tr><tr><td width=\"88\"><p>VCC\u00a0\u00a0\u00a0\u00a0\u00a0\u00a0\u00a0\u00a0\u00a0\u00a0\u00a0 Live chat<\/p><\/td><td width=\"155\"><p>webchatClientId HTTP cookie<\/p><\/td><td width=\"101\"><p>VCC Live<\/p><\/td><td width=\"66\"><p>Egyedi chat azonos\u00edt \u00f3<\/p><\/td><td width=\"128\"><p>A\u00a0\u00a0\u00a0\u00a0\u00a0 felhaszn\u00e1l\u00f3hoz tartoz\u00f3\u00a0\u00a0\u00a0\u00a0\u00a0 chat<\/p><p>azonos\u00edt\u00f3,\u00a0\u00a0\u00a0\u00a0\u00a0\u00a0\u00a0\u00a0\u00a0\u00a0\u00a0\u00a0\u00a0\u00a0\u00a0\u00a0\u00a0\u00a0\u00a0\u00a0 mely seg\u00edts\u00e9g\u00e9vel folytathat\u00f3 a m\u00e1r<\/p><p>megkezdett\u00a0\u00a0\u00a0\u00a0\u00a0\u00a0\u00a0\u00a0\u00a0\u00a0\u00a0\u00a0\u00a0\u00a0\u00a0\u00a0\u00a0\u00a0\u00a0\u00a0\u00a0 chat besz\u00e9lget\u00e9s<\/p><\/td><td width=\"83\"><p>B\u00f6ng\u00e9sz\u0151 bez\u00e1r\u00e1skor t\u00f6rl\u0151dik<\/p><\/td><\/tr><\/tbody><\/table><h4>3.2.\u00a0 Be\u00e1ll\u00edt\u00e1sok cookie-k<\/h4><p><strong>\u00a0<\/strong><span style=\"color: var( --e-global-color-secondary );\">A preferenci\u00e1lis s\u00fctik haszn\u00e1lat\u00e1val olyan inform\u00e1ci\u00f3kat tudunk megjegyezni, amelyek megv\u00e1ltoztatj\u00e1k a weboldal magatart\u00e1s\u00e1t, illetve kin\u00e9zet\u00e9t, erre p\u00e9lda lehet az \u00d6n \u00e1ltal el\u0151nyben r\u00e9szes\u00edtett nyelv vagy a r\u00e9gi\u00f3, amelyben tart\u00f3zkodik.<\/span><\/p><table><tbody><tr><td width=\"92\"><p><strong>Cookie <\/strong><strong>neve<\/strong><\/p><\/td><td width=\"168\"><p><strong>Cookie azonos\u00edt\u00f3ja \u00e9s t\u00edpusa<\/strong><\/p><\/td><td width=\"92\"><p><strong>Cookie szolg\u00e1ltat\u00f3<\/strong><\/p><\/td><td width=\"87\"><p><strong>Cookie<\/strong> <strong>\u00e1ltal kezelt adatok<\/strong><\/p><\/td><td width=\"93\"><p><strong>Coookie c\u00e9lja<\/strong><\/p><\/td><td width=\"87\"><p><strong>Adatkezel\u00e9 <\/strong><strong>s<\/strong><\/p><p><strong>id\u0151tartama<\/strong><\/p><\/td><\/tr><tr><td width=\"92\"><p>Cookiebot<\/p><\/td><td width=\"168\"><p>CookieConsentBulkSettin g-#<\/p><p>HTML cookie<\/p><\/td><td width=\"92\"><p>Cookiebot<\/p><\/td><td width=\"87\"><p>Aloldalak URL-je,<\/p><p>elfogadott s\u00fcti t\u00edpusok<\/p><\/td><td width=\"93\"><p>Lehet\u0151v\u00e9 teszi\u00a0\u00a0\u00a0\u00a0\u00a0\u00a0\u00a0\u00a0\u00a0\u00a0\u00a0\u00a0\u00a0\u00a0\u00a0\u00a0\u00a0 a<\/p><p>cookiek elfogad\u00e1s\u00e1t egyszerre, ak\u00e1r\u00a0\u00a0\u00a0\u00a0\u00a0\u00a0\u00a0\u00a0\u00a0\u00a0\u00a0\u00a0 t\u00f6bb<\/p><p>aloldalon is.<\/p><\/td><td width=\"87\"><p>1 \u00e9v<\/p><\/td><\/tr><tr><td width=\"92\"><p>VCC\u00a0\u00a0\u00a0\u00a0\u00a0\u00a0\u00a0\u00a0\u00a0\u00a0\u00a0\u00a0 Live chat<\/p><\/td><td width=\"168\"><p>socketCluster.authToken HTML cookie<\/p><\/td><td width=\"92\"><p>VCC Live<\/p><\/td><td width=\"87\"><p>Munkamen et azonos\u00edt\u00f3 \u00e9rt\u00e9k<\/p><\/td><td width=\"93\"><p>VCC<\/p><p>munkamenet azonos\u00edt\u00e1s\u00e1r a szolg\u00e1l<\/p><\/td><td width=\"87\"><p>Nincs el\u00e9v\u00fcl\u00e9si ideje<\/p><\/td><\/tr><\/tbody><\/table><h4>3.3.\u00a0 Statisztikai cookie-k<\/h4><p><strong>\u00a0<\/strong><span style=\"color: var( --e-global-color-secondary );\">Az adatok n\u00e9vtelen form\u00e1ban val\u00f3 gy\u0171jt\u00e9s\u00e9n \u00e9s jelent\u00e9s\u00e9n kereszt\u00fcl a statisztikai s\u00fctik seg\u00edtenek abban, hogy meg\u00e9rts\u00fck, hogyan l\u00e9pnek interakci\u00f3ba a l\u00e1togat\u00f3k a weboldallal. Ezeket a cookie-kat arra haszn\u00e1ljuk, hogy anonim adatok gy\u0171jt\u00e9s\u00e9vel tiszt\u00e1ban legy\u00fcnk azzal, hogy l\u00e1togat\u00f3ink melyik oldalainkat keresik fel, hogyan \u00e9s milyen rendszeress\u00e9ggel haszn\u00e1lj\u00e1k oldalainkat, milyen hossz\u00fa ideig tart\u00f3zkodtak egy adott oldalon. Ezek teszik lehet\u0151v\u00e9 tov\u00e1bb\u00e1, hogy Honlapunkat az egyes l\u00e1togat\u00f3ink saj\u00e1t ig\u00e9nyeihez \u00e9s \u00e9rdekl\u0151d\u00e9si ter\u00fcleteihez igaz\u00edtsuk, \u00e9s sz\u00e1mukra relev\u00e1ns tartalmat k\u00edn\u00e1ljunk, ami fokozza szolg\u00e1ltat\u00e1saink min\u0151s\u00e9g\u00e9t.<\/span><\/p><table><tbody><tr><td width=\"101\"><p><strong>Cookie neve<\/strong><\/p><\/td><td width=\"101\"><p><strong>Cookie azonos\u00edt\u00f3ja <\/strong><strong>\u00e9s t\u00edpusa<\/strong><\/p><\/td><td width=\"101\"><p><strong>Cookie szolg\u00e1ltat\u00f3<\/strong><\/p><\/td><td width=\"101\"><p><strong>Cookie<\/strong><strong>\u00a0\u00a0\u00a0\u00a0\u00a0\u00a0\u00a0\u00a0\u00a0\u00a0\u00a0\u00a0\u00a0\u00a0 \u00e1ltal kezelt adatok<\/strong><\/p><\/td><td width=\"101\"><p><strong>Coookie c\u00e9lja<\/strong><\/p><\/td><td width=\"101\"><p><strong>Adatkezel\u00e9s id\u0151tartama<\/strong><\/p><\/td><\/tr><tr><td colspan=\"6\" width=\"605\"><p>Nem haszn\u00e1lunk ilyen cookie-kat.<\/p><\/td><\/tr><\/tbody><\/table><h4>3.4.\u00a0 Marketing cookie-k<\/h4><p><span style=\"color: var( --e-global-color-secondary );\">A marketings\u00fctiket a l\u00e1togat\u00f3k weboldal-tev\u00e9kenys\u00e9g\u00e9nek nyomon k\u00f6vet\u00e9s\u00e9re haszn\u00e1ljuk. A c\u00e9l az, hogy relev\u00e1ns hirdet\u00e9seket tegy\u00fcnk k\u00f6zz\u00e9 az egy\u00e9ni felhaszn\u00e1l\u00f3k sz\u00e1m\u00e1ra, valamint aktivit\u00e1sra buzd\u00edtsuk \u0151ket, ez pedig m\u00e9g \u00e9rt\u00e9kesebb\u00e9 teszi weboldalunkat a tartalmakat k\u00f6zz\u00e9tev\u0151 \u00e9s a harmadik f\u00e9l hirdet\u0151k sz\u00e1m\u00e1ra. A marketing cookie-k k\u00f6vetik a l\u00e1togat\u00f3kat a weboldalakon kereszt\u00fcl.<\/span><\/p><p>Ilyen c\u00e9lb\u00f3l haszn\u00e1lunk Google Analytics s\u00fctit is, melyr\u0151l b\u0151vebb inform\u00e1ci\u00f3 a https:\/\/developers.google.com\/analytics\/devguides\/collection\/analyticsjs\/cookie-usage?hl=hu oldalon \u00e9rhet\u0151 el<\/p><p>Az al\u00e1bbi szolg\u00e1ltat\u00f3k s\u00fctijeit haszn\u00e1ljuk erre a c\u00e9lra:<\/p><p>Google Adwords (B\u0151vebb inform\u00e1ci\u00f3: <a href=\"https:\/\/policies.google.com\/technologies\/types?hl=hu\">https:\/\/policies.google.com\/technologies\/types?hl=hu<\/a>)<\/p><p>Facebook (B\u0151vebb inform\u00e1ci\u00f3: <a href=\"https:\/\/hu-hu.facebook.com\/policies\/cookies\/\">https:\/\/hu-hu.facebook.com\/policies\/cookies\/<\/a>)<\/p><p>Optimonk (B\u0151vebb inform\u00e1ci\u00f3: https:\/\/<a href=\"http:\/\/www.optimonk.hu\/adatvedelmi-nyilatkozat)\">www.optimonk.hu\/adatvedelmi-nyilatkozat)<\/a><\/p><table><tbody><tr><td width=\"82\"><p><strong>Cookie <\/strong><strong>neve<\/strong><\/p><\/td><td width=\"165\"><p><strong>Cookie azonos\u00edt\u00f3ja \u00e9s t\u00edpusa<\/strong><\/p><\/td><td width=\"90\"><p><strong>Cookie szolg\u00e1ltat\u00f3<\/strong><\/p><\/td><td width=\"104\"><p><strong>Cookie \u00e1ltal kezelt adatok<\/strong><\/p><\/td><td width=\"83\"><p><strong>Coookie c\u00e9lja<\/strong><\/p><\/td><td width=\"95\"><p><strong>Adatkezel\u00e9s id\u0151tartama<\/strong><\/p><\/td><\/tr><tr><td width=\"82\"><p>Google Analytics<\/p><\/td><td width=\"165\"><p>_ga<\/p><p>HTTP cookie<\/p><\/td><td width=\"90\"><p>Google<\/p><\/td><td width=\"104\"><p>Url, oldal c\u00edme, b\u00f6ng\u00e9sz\u0151 neve, b\u00f6ng\u00e9sz\u0151ablak m\u00e9rete, k\u00e9perny\u0151 m\u00e9rete, java,<\/p><p>flash verzi\u00f3, lok\u00e1ci\u00f3, nyelv<\/p><\/td><td width=\"83\"><p>Anonim statisztika<\/p><\/td><td width=\"95\"><p>2 \u00e9v<\/p><\/td><\/tr><tr><td width=\"82\"><p>Google Analytics<\/p><\/td><td width=\"165\"><p>_gat,<\/p><p>HTTP cookie<\/p><\/td><td width=\"90\"><p>Google<\/p><\/td><td width=\"104\"><p>Url, oldal c\u00edme, b\u00f6ng\u00e9sz\u0151 neve, b\u00f6ng\u00e9sz\u0151ablak m\u00e9rete, k\u00e9perny\u0151 m\u00e9rete, java, flash verzi\u00f3,<\/p><p>lok\u00e1ci\u00f3, nyelv<\/p><\/td><td width=\"83\"><p>Anonim statisztika<\/p><\/td><td width=\"95\"><p>B\u00f6ng\u00e9sz\u0151 bez\u00e1r\u00e1skor t\u00f6rl\u0151dik<\/p><\/td><\/tr><tr><td width=\"82\"><p>Optimonk<\/p><\/td><td width=\"165\"><p>OptiMonkShopAttributes HTML cookie<\/p><\/td><td width=\"90\"><p>Optimonk<\/p><\/td><td width=\"104\"><p>Optimonk bolt be\u00e1ll\u00edt\u00e1sok<\/p><\/td><td width=\"83\"><p>Marketing<\/p><\/td><td width=\"95\"><p>Nincs el\u00e9v\u00fcl\u00e9si<\/p><p>ideje<\/p><\/td><\/tr><tr><td width=\"82\"><p>Optimonk<\/p><\/td><td width=\"165\"><p>OptiMonkVisitorAttributes HTML cookie<\/p><\/td><td width=\"90\"><p>Optimonk<\/p><\/td><td width=\"104\"><p>Optimonk felhaszn\u00e1l\u00f3i be\u00e1ll\u00edt\u00e1sok<\/p><\/td><td width=\"83\"><p>Marketing<\/p><\/td><td width=\"95\"><p>Nincs el\u00e9v\u00fcl\u00e9si ideje<\/p><\/td><\/tr><\/tbody><\/table><table><tbody><tr><td width=\"82\"><p>Optimonk<\/p><\/td><td width=\"165\"><p>optiMonkClientId HTTP cookie<\/p><\/td><td width=\"90\"><p>Optimonk<\/p><\/td><td width=\"104\"><p>Optimonk felhaszn\u00e1l\u00f3i azonos\u00edt\u00f3<\/p><\/td><td width=\"83\"><p>Marketing<\/p><\/td><td width=\"95\"><p>1 \u00e9v<\/p><\/td><\/tr><tr><td width=\"82\"><p>Optimonk<\/p><\/td><td width=\"165\"><p>optiMonkSession HTTP cookie<\/p><\/td><td width=\"90\"><p>Optimonk<\/p><\/td><td width=\"104\"><p>Optimonk munkamenet azonos\u00edt\u00f3<\/p><\/td><td width=\"83\"><p>Marketing<\/p><\/td><td width=\"95\"><p>B\u00f6ng\u00e9sz\u0151 bez\u00e1r\u00e1skor t\u00f6rl\u0151dik<\/p><\/td><\/tr><tr><td width=\"82\"><p>Optimonk<\/p><\/td><td width=\"165\"><p>optiMonkClient HTTP cookie<\/p><\/td><td width=\"90\"><p>Optimonk<\/p><\/td><td width=\"104\"><p>Optimonk<\/p><p>felhaszn\u00e1l\u00f3i azonos\u00edt\u00f3<\/p><\/td><td width=\"83\"><p>Marketing<\/p><\/td><td width=\"95\"><p>1 \u00e9v<\/p><\/td><\/tr><\/tbody><\/table><h4><a href=\"https:\/\/biztositasipiac.hu\/panaszkezeles\/\">Az eg\u00e9sz dom\u00e9nhez adott belegyez\u00e9s<\/a><\/h4><p><strong>\u00a0<\/strong><span style=\"color: var( --e-global-color-secondary );\">Hozz\u00e1j\u00e1rul\u00e1sa a k\u00f6vetkez\u0151 domainekre \u00e9rv\u00e9nyes (azoknak a dom\u00e9neknek a list\u00e1ja, amelyekre a belegyez\u00e9se kiterjed):<\/span><\/p><p><a href=\"http:\/\/www.krazimiklos.hu\">www.biztipont.hu<\/a><\/p><h4>IV.\u00a0 S\u00fctik enged\u00e9lyez\u00e9se \u00e9s tilt\u00e1sa<\/h4><p><span style=\"color: var( --e-global-color-secondary );\">A s\u00fcti (cookie) \u00e1ltal t\u00f6rt\u00e9n\u0151 adatkezel\u00e9st a felhaszn\u00e1l\u00f3 a legt\u00f6bb b\u00f6ng\u00e9sz\u0151programban szem\u00e9lyre szabhatja, \u00edgy ak\u00e1r le is tilthatja. A cookie-k letilt\u00e1sa eset\u00e9ben azonban el\u0151fordulhat, hogy a honlap, illetve valamely tartalom vagy a honlapon el\u00e9rhet\u0151 szolg\u00e1ltat\u00e1sok nem, vagy csak korl\u00e1tozott form\u00e1ban \u00e9rhet\u0151 el.<\/span><\/p><p>Amennyiben a felhaszn\u00e1l\u00f3 szeretn\u00e9 letiltani a Google cookie-k haszn\u00e1lat\u00e1t, azt a <a href=\"https:\/\/www.google.com\/settings\/ads\/anonymous?sig=ACi0TCiwN_E3wE3CdufxtTtcxkxmy9AHc1QhzIxkcGZxYuFP3WOtRbHs2lA2x9A4tQVsKxrRvtsplbVNAsXNMzz3QnkDhE6ilEjPaHZf7Ozk_qR0YN4ZnjU&amp;hl=hu\">Hirdet\u00e9si be\u00e1ll\u00edt\u00e1sok<\/a> seg\u00edts\u00e9g\u00e9vel megteheti.<\/p><p>A cookie enged\u00e9lyez\u00e9s\u00e9vel \u00e9s tilt\u00e1s\u00e1val kapcsolatos hasznos inform\u00e1ci\u00f3k pedig az al\u00e1bbi linkeken is el\u00e9rhet\u0151ek.<\/p><ul><li><a href=\"https:\/\/support.google.com\/accounts\/answer\/61416?hl=hu\">Google Chrome<\/a><\/li><li><a href=\"https:\/\/support.mozilla.org\/hu\/kb\/S%C3%BCtik%20kezel%C3%A9se\">Firefox<\/a><\/li><li><a href=\"http:\/\/windows.microsoft.com\/hu-hu\/internet-explorer\/delete-manage-cookies#ie%3Die-11\">Microsoft Internet Explorer 11<\/a><\/li><li><a href=\"http:\/\/windows.microsoft.com\/hu-hu\/internet-explorer\/delete-manage-cookies#ie%3Die-10\">Microsoft Internet Explorer 10<\/a><\/li><li><a href=\"http:\/\/windows.microsoft.com\/hu-hu\/internet-explorer\/delete-manage-cookies#ie%3Die-9\">Microsoft Internet Explorer 9<\/a><\/li><li><a href=\"http:\/\/windows.microsoft.com\/hu-hu\/internet-explorer\/delete-manage-cookies#ie%3Die-8\">Microsoft Internet Explorer 8<\/a><\/li><li>Safari<\/li><li>Opera<\/li><\/ul>\t\t\t\t\t\t\t\t<\/div>\n\t\t\t\t\t<\/div>\n\t\t\t\t<\/div>\n\t\t\t\t<\/div>\n\t\t","protected":false},"excerpt":{"rendered":"<p>COOKIE T\u00c1J\u00c9KOZTAT\u00d3 COOKIE T\u00c1J\u00c9KOZTAT\u00d3 \u00a0 I.\u00a0 Mi az a s\u00fcti (cookie)? A s\u00fctik (cookie-k) olyan kis f\u00e1jlok, amelyeket a megtekintett honlapok helyeznek el a sz\u00e1m\u00edt\u00f3g\u00e9p b\u00f6ng\u00e9sz\u0151j\u00e9ben. A cookie-kat sz\u00e9les k\u00f6rben haszn\u00e1lj\u00e1k a honlapok hat\u00e9kony \u00fczemeltet\u00e9se vagy webes szolg\u00e1ltat\u00e1sok, illetve egy\u00e9nre szabott funkci\u00f3k ny\u00fajt\u00e1sa c\u00e9lj\u00e1b\u00f3l. A s\u00fctik sz\u00e1mtalan funkci\u00f3val rendelkezhetnek, p\u00e9ld\u00e1ul megjegyzik a felhaszn\u00e1l\u00f3 egy\u00e9ni be\u00e1ll\u00edt\u00e1sait, [&hellip;]<\/p>\n","protected":false},"author":1,"featured_media":0,"parent":0,"menu_order":0,"comment_status":"closed","ping_status":"closed","template":"","meta":{"footnotes":""},"class_list":["post-2088","page","type-page","status-publish","hentry"],"_links":{"self":[{"href":"https:\/\/biztipont.hu\/index.php?rest_route=\/wp\/v2\/pages\/2088","targetHints":{"allow":["GET"]}}],"collection":[{"href":"https:\/\/biztipont.hu\/index.php?rest_route=\/wp\/v2\/pages"}],"about":[{"href":"https:\/\/biztipont.hu\/index.php?rest_route=\/wp\/v2\/types\/page"}],"author":[{"embeddable":true,"href":"https:\/\/biztipont.hu\/index.php?rest_route=\/wp\/v2\/users\/1"}],"replies":[{"embeddable":true,"href":"https:\/\/biztipont.hu\/index.php?rest_route=%2Fwp%2Fv2%2Fcomments&post=2088"}],"version-history":[{"count":0,"href":"https:\/\/biztipont.hu\/index.php?rest_route=\/wp\/v2\/pages\/2088\/revisions"}],"wp:attachment":[{"href":"https:\/\/biztipont.hu\/index.php?rest_route=%2Fwp%2Fv2%2Fmedia&parent=2088"}],"curies":[{"name":"wp","href":"https:\/\/api.w.org\/{rel}","templated":true}]}}