{"id":148,"date":"2024-02-28T13:25:56","date_gmt":"2024-02-28T13:25:56","guid":{"rendered":"https:\/\/biztipont.hu\/?page_id=148"},"modified":"2024-04-20T21:05:34","modified_gmt":"2024-04-20T21:05:34","slug":"gepjarmubiztositas","status":"publish","type":"page","link":"https:\/\/biztipont.hu\/?page_id=148","title":{"rendered":"G\u00e9pj\u00e1rm\u0171biztos\u00edt\u00e1s"},"content":{"rendered":"\t\t<div data-elementor-type=\"wp-page\" data-elementor-id=\"148\" class=\"elementor elementor-148\" data-elementor-post-type=\"page\">\n\t\t\t\t<div class=\"elementor-element elementor-element-5806d5b e-con-full e-flex e-con e-parent\" data-id=\"5806d5b\" data-element_type=\"container\" data-e-type=\"container\">\n\t\t<div class=\"elementor-element elementor-element-c60565e e-con-full e-flex e-con e-child\" data-id=\"c60565e\" data-element_type=\"container\" data-e-type=\"container\" data-settings=\"{&quot;background_background&quot;:&quot;classic&quot;}\">\n\t\t\t\t<div class=\"elementor-element elementor-element-1d4edd6 elementor-widget elementor-widget-heading\" data-id=\"1d4edd6\" data-element_type=\"widget\" data-e-type=\"widget\" data-widget_type=\"heading.default\">\n\t\t\t\t\t<h2 class=\"elementor-heading-title elementor-size-default\">K\u00e9sz\u00fclj fel biztos\u00edt\u00e1ssal a v\u00e1ratlan helyzetekre!<\/h2>\t\t\t\t<\/div>\n\t\t\t\t<\/div>\n\t\t\t\t<\/div>\n\t\t<div class=\"elementor-element elementor-element-03a238c e-flex e-con-boxed e-con e-parent\" data-id=\"03a238c\" data-element_type=\"container\" data-e-type=\"container\">\n\t\t\t\t\t<div class=\"e-con-inner\">\n\t\t<div class=\"elementor-element elementor-element-3c2b9ca e-flex e-con-boxed e-con e-child\" data-id=\"3c2b9ca\" data-element_type=\"container\" data-e-type=\"container\">\n\t\t\t\t\t<div class=\"e-con-inner\">\n\t\t<div class=\"elementor-element elementor-element-4f80a73 e-con-full e-flex e-con e-child\" data-id=\"4f80a73\" data-element_type=\"container\" data-e-type=\"container\">\n\t\t\t\t<div class=\"elementor-element elementor-element-6c9ab63 elementor-widget elementor-widget-image\" data-id=\"6c9ab63\" data-element_type=\"widget\" data-e-type=\"widget\" data-widget_type=\"image.default\">\n\t\t\t\t\t\t\t\t\t\t\t\t\t\t\t<img decoding=\"async\" src=\"https:\/\/biztipont.hu\/wp-content\/uploads\/elementor\/thumbs\/stefan-kunze-QNH5SPVcXBk-unsplash-scaled-qmzr9mmki9w27ezxi473qoprnxttdusaqavcms7edk.jpg\" title=\"stefan-kunze-QNH5SPVcXBk-unsplash\" alt=\"stefan-kunze-QNH5SPVcXBk-unsplash\" loading=\"lazy\" \/>\t\t\t\t\t\t\t\t\t\t\t\t\t\t\t<\/div>\n\t\t\t\t<div class=\"elementor-element elementor-element-111b586 elementor-widget elementor-widget-heading\" data-id=\"111b586\" data-element_type=\"widget\" data-e-type=\"widget\" data-widget_type=\"heading.default\">\n\t\t\t\t\t<h2 class=\"elementor-heading-title elementor-size-default\">K\u00f6telez\u0151 g\u00e9pj\u00e1rm\u0171 felel\u0151ss\u00e9g biztos\u00edt\u00e1s<\/h2>\t\t\t\t<\/div>\n\t\t\t\t<div class=\"elementor-element elementor-element-cc64adf elementor-widget elementor-widget-text-editor\" data-id=\"cc64adf\" data-element_type=\"widget\" data-e-type=\"widget\" data-widget_type=\"text-editor.default\">\n\t\t\t\t\t\t\t\t\t<p>A KGFB minden g\u00e9pj\u00e1rm\u0171 tulajdonos sz\u00e1m\u00e1ra el\u0151\u00edrt biztos\u00edt\u00e1s, amely fedezetet ny\u00fajt, ha a j\u00e1rm\u0171vel okozott baleset sor\u00e1n m\u00e1soknak k\u00e1rt okozunk. Ez mag\u00e1ban foglalja a s\u00e9r\u00fcl\u00e9sek \u00e9s anyagi k\u00e1rok megt\u00e9r\u00edt\u00e9s\u00e9t. A KGFB biztos\u00edtja, hogy a k\u00e1rosultak k\u00e1rp\u00f3tl\u00e1sban r\u00e9szes\u00fcljenek, an\u00e9lk\u00fcl, hogy a baleset okoz\u00f3j\u00e1nak s\u00falyos anyagi terheket kellene viselnie. Ez az alapvet\u0151 biztos\u00edt\u00e1s elengedhetetlen a k\u00f6z\u00fati k\u00f6zleked\u00e9s biztons\u00e1g\u00e1nak fenntart\u00e1s\u00e1hoz.<\/p>\t\t\t\t\t\t\t\t<\/div>\n\t\t\t\t<div class=\"elementor-element elementor-element-8b71b6c elementor-align-center elementor-widget elementor-widget-button\" data-id=\"8b71b6c\" data-element_type=\"widget\" data-e-type=\"widget\" data-widget_type=\"button.default\">\n\t\t\t\t\t\t\t\t\t\t<a class=\"elementor-button elementor-button-link elementor-size-sm\" href=\"https:\/\/biztipont.hu\/?page_id=339\">\n\t\t\t\t\t\t<span class=\"elementor-button-content-wrapper\">\n\t\t\t\t\t\t<span class=\"elementor-button-icon\">\n\t\t\t\t<svg aria-hidden=\"true\" class=\"e-font-icon-svg e-fas-car-crash\" viewBox=\"0 0 640 512\" xmlns=\"http:\/\/www.w3.org\/2000\/svg\"><path d=\"M143.25 220.81l-12.42 46.37c-3.01 11.25-3.63 22.89-2.41 34.39l-35.2 28.98c-6.57 5.41-16.31-.43-14.62-8.77l15.44-76.68c1.06-5.26-2.66-10.28-8-10.79l-77.86-7.55c-8.47-.82-11.23-11.83-4.14-16.54l65.15-43.3c4.46-2.97 5.38-9.15 1.98-13.29L21.46 93.22c-5.41-6.57.43-16.3 8.78-14.62l76.68 15.44c5.26 1.06 10.28-2.66 10.8-8l7.55-77.86c.82-8.48 11.83-11.23 16.55-4.14l43.3 65.14c2.97 4.46 9.15 5.38 13.29 1.98l60.4-49.71c6.57-5.41 16.3.43 14.62 8.77L262.1 86.38c-2.71 3.05-5.43 6.09-7.91 9.4l-32.15 42.97-10.71 14.32c-32.73 8.76-59.18 34.53-68.08 67.74zm494.57 132.51l-12.42 46.36c-3.13 11.68-9.38 21.61-17.55 29.36a66.876 66.876 0 0 1-8.76 7l-13.99 52.23c-1.14 4.27-3.1 8.1-5.65 11.38-7.67 9.84-20.74 14.68-33.54 11.25L515 502.62c-17.07-4.57-27.2-22.12-22.63-39.19l8.28-30.91-247.28-66.26-8.28 30.91c-4.57 17.07-22.12 27.2-39.19 22.63l-30.91-8.28c-12.8-3.43-21.7-14.16-23.42-26.51-.57-4.12-.35-8.42.79-12.68l13.99-52.23a66.62 66.62 0 0 1-4.09-10.45c-3.2-10.79-3.65-22.52-.52-34.2l12.42-46.37c5.31-19.8 19.36-34.83 36.89-42.21a64.336 64.336 0 0 1 18.49-4.72l18.13-24.23 32.15-42.97c3.45-4.61 7.19-8.9 11.2-12.84 8-7.89 17.03-14.44 26.74-19.51 4.86-2.54 9.89-4.71 15.05-6.49 10.33-3.58 21.19-5.63 32.24-6.04 11.05-.41 22.31.82 33.43 3.8l122.68 32.87c11.12 2.98 21.48 7.54 30.85 13.43a111.11 111.11 0 0 1 34.69 34.5c8.82 13.88 14.64 29.84 16.68 46.99l6.36 53.29 3.59 30.05a64.49 64.49 0 0 1 22.74 29.93c4.39 11.88 5.29 25.19 1.75 38.39zM255.58 234.34c-18.55-4.97-34.21 4.04-39.17 22.53-4.96 18.49 4.11 34.12 22.65 39.09 18.55 4.97 45.54 15.51 50.49-2.98 4.96-18.49-15.43-53.67-33.97-58.64zm290.61 28.17l-6.36-53.29c-.58-4.87-1.89-9.53-3.82-13.86-5.8-12.99-17.2-23.01-31.42-26.82l-122.68-32.87a48.008 48.008 0 0 0-50.86 17.61l-32.15 42.97 172 46.08 75.29 20.18zm18.49 54.65c-18.55-4.97-53.8 15.31-58.75 33.79-4.95 18.49 23.69 22.86 42.24 27.83 18.55 4.97 34.21-4.04 39.17-22.53 4.95-18.48-4.11-34.12-22.66-39.09z\"><\/path><\/svg>\t\t\t<\/span>\n\t\t\t\t\t\t\t\t\t<span class=\"elementor-button-text\">A legjobb biztos\u00edt\u00e1st keresem!<\/span>\n\t\t\t\t\t<\/span>\n\t\t\t\t\t<\/a>\n\t\t\t\t\t\t\t\t<\/div>\n\t\t\t\t<\/div>\n\t\t<div class=\"elementor-element elementor-element-e54ba94 e-con-full e-flex e-con e-child\" data-id=\"e54ba94\" data-element_type=\"container\" data-e-type=\"container\">\n\t\t<div class=\"elementor-element elementor-element-5c747a6 e-con-full e-flex e-con e-child\" data-id=\"5c747a6\" data-element_type=\"container\" data-e-type=\"container\">\n\t\t\t\t<div class=\"elementor-element elementor-element-587c29c elementor-widget elementor-widget-image\" data-id=\"587c29c\" data-element_type=\"widget\" data-e-type=\"widget\" data-widget_type=\"image.default\">\n\t\t\t\t\t\t\t\t\t\t\t\t\t\t\t<img decoding=\"async\" src=\"https:\/\/biztipont.hu\/wp-content\/uploads\/elementor\/thumbs\/why-kei-8e2gal_GIE8-unsplash-min-qn01zejzffzl60mxudbwku58jydzhtaerpqea27mo8.jpg\" title=\"why-kei-8e2gal_GIE8-unsplash-min\" alt=\"why-kei-8e2gal_GIE8-unsplash-min\" loading=\"lazy\" \/>\t\t\t\t\t\t\t\t\t\t\t\t\t\t\t<\/div>\n\t\t\t\t<div class=\"elementor-element elementor-element-92854d2 elementor-widget elementor-widget-heading\" data-id=\"92854d2\" data-element_type=\"widget\" data-e-type=\"widget\" data-widget_type=\"heading.default\">\n\t\t\t\t\t<h2 class=\"elementor-heading-title elementor-size-default\">CASCO biztos\u00edt\u00e1s<\/h2>\t\t\t\t<\/div>\n\t\t\t\t<div class=\"elementor-element elementor-element-602b557 elementor-widget elementor-widget-text-editor\" data-id=\"602b557\" data-element_type=\"widget\" data-e-type=\"widget\" data-widget_type=\"text-editor.default\">\n\t\t\t\t\t\t\t\t\t<p>A Casco egy \u00f6nk\u00e9ntes, de aj\u00e1nlott g\u00e9pj\u00e1rm\u0171 biztos\u00edt\u00e1s, amely kiterjed a saj\u00e1t j\u00e1rm\u0171 k\u00e1rosod\u00e1s\u00e1ra, legyen az baleset, lop\u00e1s vagy term\u00e9szeti csap\u00e1s k\u00f6vetkezm\u00e9nye. Ez a fedezet nem csak balesetek eset\u00e9n, hanem sz\u00e1mos egy\u00e9b helyzetben is v\u00e9delmet ny\u00fajt, \u00edgy p\u00e9ld\u00e1ul rong\u00e1l\u00e1s vagy \u00e1llatok \u00e1ltal okozott k\u00e1r eset\u00e9n is. A Casco lehet\u0151s\u00e9get ad arra, hogy szem\u00e9lyre szabottan v\u00e1laszd meg a kock\u00e1zatokat, \u00edgy biztos\u00edtva a j\u00e1rm\u0171 teljesk\u00f6r\u0171 v\u00e9delm\u00e9t.<\/p>\t\t\t\t\t\t\t\t<\/div>\n\t\t\t\t<div class=\"elementor-element elementor-element-790746a elementor-align-center elementor-widget elementor-widget-button\" data-id=\"790746a\" data-element_type=\"widget\" data-e-type=\"widget\" data-widget_type=\"button.default\">\n\t\t\t\t\t\t\t\t\t\t<a class=\"elementor-button elementor-button-link elementor-size-sm\" href=\"https:\/\/biztipont.hu\/?page_id=339\">\n\t\t\t\t\t\t<span class=\"elementor-button-content-wrapper\">\n\t\t\t\t\t\t<span class=\"elementor-button-icon\">\n\t\t\t\t<svg aria-hidden=\"true\" class=\"e-font-icon-svg e-fas-car\" viewBox=\"0 0 512 512\" xmlns=\"http:\/\/www.w3.org\/2000\/svg\"><path d=\"M499.99 176h-59.87l-16.64-41.6C406.38 91.63 365.57 64 319.5 64h-127c-46.06 0-86.88 27.63-103.99 70.4L71.87 176H12.01C4.2 176-1.53 183.34.37 190.91l6 24C7.7 220.25 12.5 224 18.01 224h20.07C24.65 235.73 16 252.78 16 272v48c0 16.12 6.16 30.67 16 41.93V416c0 17.67 14.33 32 32 32h32c17.67 0 32-14.33 32-32v-32h256v32c0 17.67 14.33 32 32 32h32c17.67 0 32-14.33 32-32v-54.07c9.84-11.25 16-25.8 16-41.93v-48c0-19.22-8.65-36.27-22.07-48H494c5.51 0 10.31-3.75 11.64-9.09l6-24c1.89-7.57-3.84-14.91-11.65-14.91zm-352.06-17.83c7.29-18.22 24.94-30.17 44.57-30.17h127c19.63 0 37.28 11.95 44.57 30.17L384 208H128l19.93-49.83zM96 319.8c-19.2 0-32-12.76-32-31.9S76.8 256 96 256s48 28.71 48 47.85-28.8 15.95-48 15.95zm320 0c-19.2 0-48 3.19-48-15.95S396.8 256 416 256s32 12.76 32 31.9-12.8 31.9-32 31.9z\"><\/path><\/svg>\t\t\t<\/span>\n\t\t\t\t\t\t\t\t\t<span class=\"elementor-button-text\">Casco biztos\u00edt\u00e1sra van sz\u00fcks\u00e9gem!<\/span>\n\t\t\t\t\t<\/span>\n\t\t\t\t\t<\/a>\n\t\t\t\t\t\t\t\t<\/div>\n\t\t\t\t<\/div>\n\t\t\t\t<\/div>\n\t\t<div class=\"elementor-element elementor-element-590fd28 e-con-full e-flex e-con e-child\" data-id=\"590fd28\" data-element_type=\"container\" data-e-type=\"container\">\n\t\t<div class=\"elementor-element elementor-element-93e4876 e-con-full e-flex e-con e-child\" data-id=\"93e4876\" data-element_type=\"container\" data-e-type=\"container\">\n\t\t\t\t<div class=\"elementor-element elementor-element-799cc36 elementor-widget elementor-widget-image\" data-id=\"799cc36\" data-element_type=\"widget\" data-e-type=\"widget\" data-widget_type=\"image.default\">\n\t\t\t\t\t\t\t\t\t\t\t\t\t\t\t<img decoding=\"async\" src=\"https:\/\/biztipont.hu\/wp-content\/uploads\/elementor\/thumbs\/roland-denes-EWf48MRVUNE-unsplash-min-qn01zfhtma0vhmlkovqj5bwp5c9cpie53udvrc68i0.jpg\" title=\"roland-denes-EWf48MRVUNE-unsplash-min\" alt=\"roland-denes-EWf48MRVUNE-unsplash-min\" loading=\"lazy\" \/>\t\t\t\t\t\t\t\t\t\t\t\t\t\t\t<\/div>\n\t\t\t\t<div class=\"elementor-element elementor-element-629d111 elementor-widget elementor-widget-heading\" data-id=\"629d111\" data-element_type=\"widget\" data-e-type=\"widget\" data-widget_type=\"heading.default\">\n\t\t\t\t\t<h2 class=\"elementor-heading-title elementor-size-default\">KGFB \u00e9s Casco <\/h2>\t\t\t\t<\/div>\n\t\t\t\t<div class=\"elementor-element elementor-element-2a91795 elementor-widget elementor-widget-text-editor\" data-id=\"2a91795\" data-element_type=\"widget\" data-e-type=\"widget\" data-widget_type=\"text-editor.default\">\n\t\t\t\t\t\t\t\t\t<p>A KGFB \u00e9s Casco biztos\u00edt\u00e1sok kombin\u00e1l\u00e1sa teljesk\u00f6r\u0171 v\u00e9delmet biztos\u00edt a g\u00e9pj\u00e1rm\u0171vek sz\u00e1m\u00e1ra. M\u00edg a k\u00f6telez\u0151 g\u00e9pj\u00e1rm\u0171-felel\u0151ss\u00e9gbiztos\u00edt\u00e1s (KGFB) a felel\u0151ss\u00e9gi k\u00f6telezetts\u00e9get jelent m\u00e1soknak okozott baleseti k\u00e1rok eset\u00e9n, addig a Casco a saj\u00e1t j\u00e1rm\u0171 k\u00e1rosod\u00e1s\u00e1t v\u00e9di, legyen sz\u00f3 balesetr\u0151l, lop\u00e1sr\u00f3l vagy term\u00e9szeti csap\u00e1sokr\u00f3l. Ez a kombin\u00e1ci\u00f3 biztos\u00edtja a g\u00e9pj\u00e1rm\u0171 tulajdonos sz\u00e1m\u00e1ra a leg\u00e1tfog\u00f3bb v\u00e9delmet, mind saj\u00e1t, mind m\u00e1soknak okozott k\u00e1rok ellen.<\/p>\t\t\t\t\t\t\t\t<\/div>\n\t\t\t\t<\/div>\n\t\t\t\t<div class=\"elementor-element elementor-element-4ae1c10 elementor-align-center elementor-widget elementor-widget-button\" data-id=\"4ae1c10\" data-element_type=\"widget\" data-e-type=\"widget\" data-widget_type=\"button.default\">\n\t\t\t\t\t\t\t\t\t\t<a class=\"elementor-button elementor-button-link elementor-size-sm\" href=\"https:\/\/biztipont.hu\/?page_id=339\">\n\t\t\t\t\t\t<span class=\"elementor-button-content-wrapper\">\n\t\t\t\t\t\t<span class=\"elementor-button-icon\">\n\t\t\t\t<svg aria-hidden=\"true\" class=\"e-font-icon-svg e-fas-car-crash\" viewBox=\"0 0 640 512\" xmlns=\"http:\/\/www.w3.org\/2000\/svg\"><path d=\"M143.25 220.81l-12.42 46.37c-3.01 11.25-3.63 22.89-2.41 34.39l-35.2 28.98c-6.57 5.41-16.31-.43-14.62-8.77l15.44-76.68c1.06-5.26-2.66-10.28-8-10.79l-77.86-7.55c-8.47-.82-11.23-11.83-4.14-16.54l65.15-43.3c4.46-2.97 5.38-9.15 1.98-13.29L21.46 93.22c-5.41-6.57.43-16.3 8.78-14.62l76.68 15.44c5.26 1.06 10.28-2.66 10.8-8l7.55-77.86c.82-8.48 11.83-11.23 16.55-4.14l43.3 65.14c2.97 4.46 9.15 5.38 13.29 1.98l60.4-49.71c6.57-5.41 16.3.43 14.62 8.77L262.1 86.38c-2.71 3.05-5.43 6.09-7.91 9.4l-32.15 42.97-10.71 14.32c-32.73 8.76-59.18 34.53-68.08 67.74zm494.57 132.51l-12.42 46.36c-3.13 11.68-9.38 21.61-17.55 29.36a66.876 66.876 0 0 1-8.76 7l-13.99 52.23c-1.14 4.27-3.1 8.1-5.65 11.38-7.67 9.84-20.74 14.68-33.54 11.25L515 502.62c-17.07-4.57-27.2-22.12-22.63-39.19l8.28-30.91-247.28-66.26-8.28 30.91c-4.57 17.07-22.12 27.2-39.19 22.63l-30.91-8.28c-12.8-3.43-21.7-14.16-23.42-26.51-.57-4.12-.35-8.42.79-12.68l13.99-52.23a66.62 66.62 0 0 1-4.09-10.45c-3.2-10.79-3.65-22.52-.52-34.2l12.42-46.37c5.31-19.8 19.36-34.83 36.89-42.21a64.336 64.336 0 0 1 18.49-4.72l18.13-24.23 32.15-42.97c3.45-4.61 7.19-8.9 11.2-12.84 8-7.89 17.03-14.44 26.74-19.51 4.86-2.54 9.89-4.71 15.05-6.49 10.33-3.58 21.19-5.63 32.24-6.04 11.05-.41 22.31.82 33.43 3.8l122.68 32.87c11.12 2.98 21.48 7.54 30.85 13.43a111.11 111.11 0 0 1 34.69 34.5c8.82 13.88 14.64 29.84 16.68 46.99l6.36 53.29 3.59 30.05a64.49 64.49 0 0 1 22.74 29.93c4.39 11.88 5.29 25.19 1.75 38.39zM255.58 234.34c-18.55-4.97-34.21 4.04-39.17 22.53-4.96 18.49 4.11 34.12 22.65 39.09 18.55 4.97 45.54 15.51 50.49-2.98 4.96-18.49-15.43-53.67-33.97-58.64zm290.61 28.17l-6.36-53.29c-.58-4.87-1.89-9.53-3.82-13.86-5.8-12.99-17.2-23.01-31.42-26.82l-122.68-32.87a48.008 48.008 0 0 0-50.86 17.61l-32.15 42.97 172 46.08 75.29 20.18zm18.49 54.65c-18.55-4.97-53.8 15.31-58.75 33.79-4.95 18.49 23.69 22.86 42.24 27.83 18.55 4.97 34.21-4.04 39.17-22.53 4.95-18.48-4.11-34.12-22.66-39.09z\"><\/path><\/svg>\t\t\t<\/span>\n\t\t\t\t\t\t\t\t\t<span class=\"elementor-button-text\">\u00d6sszehasonl\u00edtom az aj\u00e1nlatokat!<\/span>\n\t\t\t\t\t<\/span>\n\t\t\t\t\t<\/a>\n\t\t\t\t\t\t\t\t<\/div>\n\t\t\t\t<\/div>\n\t\t<div class=\"elementor-element elementor-element-1e5cdaf e-con-full e-flex e-con e-child\" data-id=\"1e5cdaf\" data-element_type=\"container\" data-e-type=\"container\">\n\t\t<div class=\"elementor-element elementor-element-ae3a19f e-con-full e-flex e-con e-child\" data-id=\"ae3a19f\" data-element_type=\"container\" data-e-type=\"container\">\n\t\t\t\t<div class=\"elementor-element elementor-element-ff71e69 elementor-widget elementor-widget-image\" data-id=\"ff71e69\" data-element_type=\"widget\" data-e-type=\"widget\" data-widget_type=\"image.default\">\n\t\t\t\t\t\t\t\t\t\t\t\t\t\t\t<img decoding=\"async\" src=\"https:\/\/biztipont.hu\/wp-content\/uploads\/elementor\/thumbs\/sarah-brown-3eg3Iuq-3gQ-unsplash-min-qn01zfhtma0vhmlkovqj5bwp5c9cpie53udvrc68i0.jpg\" title=\"sarah-brown-3eg3Iuq-3gQ-unsplash-min\" alt=\"sarah-brown-3eg3Iuq-3gQ-unsplash-min\" loading=\"lazy\" \/>\t\t\t\t\t\t\t\t\t\t\t\t\t\t\t<\/div>\n\t\t\t\t<div class=\"elementor-element elementor-element-0c06c2b elementor-widget elementor-widget-heading\" data-id=\"0c06c2b\" data-element_type=\"widget\" data-e-type=\"widget\" data-widget_type=\"heading.default\">\n\t\t\t\t\t<h2 class=\"elementor-heading-title elementor-size-default\">gap biztos\u00edt\u00e1s<\/h2>\t\t\t\t<\/div>\n\t\t\t\t<div class=\"elementor-element elementor-element-f6d55a1 elementor-widget elementor-widget-text-editor\" data-id=\"f6d55a1\" data-element_type=\"widget\" data-e-type=\"widget\" data-widget_type=\"text-editor.default\">\n\t\t\t\t\t\t\t\t\t<p>A GAP biztos\u00edt\u00e1s egy kieg\u00e9sz\u00edt\u0151 g\u00e9pj\u00e1rm\u0171 biztos\u00edt\u00e1s, amely fedezeti hi\u00e1nyt p\u00f3tol, ha a j\u00e1rm\u0171 teljes k\u00e1rosod\u00e1sa eset\u00e9n a piaci \u00e9rt\u00e9ke alacsonyabb, mint a fenn\u00e1ll\u00f3 hitel vagy l\u00edzing \u00f6sszege, vagyis p\u00f3tolja a piaci \u00e9rt\u00e9k \u00e9s a fenn\u00e1ll\u00f3 hitel vagy l\u00edzing k\u00f6z\u00f6tti k\u00fcl\u00f6nbs\u00e9get.\u00a0Ez k\u00fcl\u00f6n\u00f6sen fontos \u00faj vagy l\u00edzingelt j\u00e1rm\u0171vekn\u00e9l, ahol a gyors \u00e9rt\u00e9kcs\u00f6kken\u00e9s miatt a piaci \u00e9rt\u00e9k nem fedezi a tartoz\u00e1st. \u00cdgy elker\u00fclhet\u0151 a p\u00e9nz\u00fcgyi vesztes\u00e9g baleset vagy lop\u00e1s eset\u00e9n.<\/p>\t\t\t\t\t\t\t\t<\/div>\n\t\t\t\t<\/div>\n\t\t\t\t<div class=\"elementor-element elementor-element-d51625a elementor-align-center elementor-widget elementor-widget-button\" data-id=\"d51625a\" data-element_type=\"widget\" data-e-type=\"widget\" data-widget_type=\"button.default\">\n\t\t\t\t\t\t\t\t\t\t<a class=\"elementor-button elementor-button-link elementor-size-sm\" href=\"https:\/\/biztipont.hu\/?page_id=339\">\n\t\t\t\t\t\t<span class=\"elementor-button-content-wrapper\">\n\t\t\t\t\t\t<span class=\"elementor-button-icon\">\n\t\t\t\t<svg aria-hidden=\"true\" class=\"e-font-icon-svg e-fas-hand-holding-usd\" viewBox=\"0 0 576 512\" xmlns=\"http:\/\/www.w3.org\/2000\/svg\"><path d=\"M271.06,144.3l54.27,14.3a8.59,8.59,0,0,1,6.63,8.1c0,4.6-4.09,8.4-9.12,8.4h-35.6a30,30,0,0,1-11.19-2.2c-5.24-2.2-11.28-1.7-15.3,2l-19,17.5a11.68,11.68,0,0,0-2.25,2.66,11.42,11.42,0,0,0,3.88,15.74,83.77,83.77,0,0,0,34.51,11.5V240c0,8.8,7.83,16,17.37,16h17.37c9.55,0,17.38-7.2,17.38-16V222.4c32.93-3.6,57.84-31,53.5-63-3.15-23-22.46-41.3-46.56-47.7L282.68,97.4a8.59,8.59,0,0,1-6.63-8.1c0-4.6,4.09-8.4,9.12-8.4h35.6A30,30,0,0,1,332,83.1c5.23,2.2,11.28,1.7,15.3-2l19-17.5A11.31,11.31,0,0,0,368.47,61a11.43,11.43,0,0,0-3.84-15.78,83.82,83.82,0,0,0-34.52-11.5V16c0-8.8-7.82-16-17.37-16H295.37C285.82,0,278,7.2,278,16V33.6c-32.89,3.6-57.85,31-53.51,63C227.63,119.6,247,137.9,271.06,144.3ZM565.27,328.1c-11.8-10.7-30.2-10-42.6,0L430.27,402a63.64,63.64,0,0,1-40,14H272a16,16,0,0,1,0-32h78.29c15.9,0,30.71-10.9,33.25-26.6a31.2,31.2,0,0,0,.46-5.46A32,32,0,0,0,352,320H192a117.66,117.66,0,0,0-74.1,26.29L71.4,384H16A16,16,0,0,0,0,400v96a16,16,0,0,0,16,16H372.77a64,64,0,0,0,40-14L564,377a32,32,0,0,0,1.28-48.9Z\"><\/path><\/svg>\t\t\t<\/span>\n\t\t\t\t\t\t\t\t\t<span class=\"elementor-button-text\">GAP biztos\u00edt\u00e1si aj\u00e1nlatot k\u00e9rek!<\/span>\n\t\t\t\t\t<\/span>\n\t\t\t\t\t<\/a>\n\t\t\t\t\t\t\t\t<\/div>\n\t\t\t\t<\/div>\n\t\t\t\t\t<\/div>\n\t\t\t\t<\/div>\n\t\t\t\t\t<\/div>\n\t\t\t\t<\/div>\n\t\t<div class=\"elementor-element elementor-element-4e9ef6d e-con-full e-flex e-con e-parent\" data-id=\"4e9ef6d\" data-element_type=\"container\" data-e-type=\"container\">\n\t\t<div class=\"elementor-element elementor-element-12861c2 e-con-full e-flex e-con e-child\" data-id=\"12861c2\" data-element_type=\"container\" data-e-type=\"container\" data-settings=\"{&quot;background_background&quot;:&quot;classic&quot;}\">\n\t\t<div class=\"elementor-element elementor-element-99d8fd0 e-con-full e-flex e-con e-child\" data-id=\"99d8fd0\" data-element_type=\"container\" data-e-type=\"container\" data-settings=\"{&quot;background_background&quot;:&quot;classic&quot;}\">\n\t\t\t\t<div class=\"elementor-element elementor-element-b7ef607 elementor-widget elementor-widget-heading\" data-id=\"b7ef607\" data-element_type=\"widget\" data-e-type=\"widget\" data-widget_type=\"heading.default\">\n\t\t\t\t\t<h2 class=\"elementor-heading-title elementor-size-default\">K\u00e9rd\u00e9sed van?<\/h2>\t\t\t\t<\/div>\n\t\t\t\t<div class=\"elementor-element elementor-element-21383a1 elementor-widget elementor-widget-text-editor\" data-id=\"21383a1\" data-element_type=\"widget\" data-e-type=\"widget\" data-widget_type=\"text-editor.default\">\n\t\t\t\t\t\t\t\t\t<p>Seg\u00edts\u00e9gre, tan\u00e1csra van sz\u00fcks\u00e9ged!<\/p>\t\t\t\t\t\t\t\t<\/div>\n\t\t\t\t<\/div>\n\t\t<div class=\"elementor-element elementor-element-64cf23e e-con-full e-flex e-con e-child\" data-id=\"64cf23e\" data-element_type=\"container\" data-e-type=\"container\">\n\t\t\t\t<div class=\"elementor-element elementor-element-bd9f1bf elementor-widget elementor-widget-text-editor\" data-id=\"bd9f1bf\" data-element_type=\"widget\" data-e-type=\"widget\" data-widget_type=\"text-editor.default\">\n\t\t\t\t\t\t\t\t\t<p>A g\u00e9pj\u00e1rm\u0171 biztos\u00edt\u00e1sok, mint a KGFB, Casco \u00e9s GAP, t\u00f6bb mint k\u00f6telezetts\u00e9gek; ezek a biztos\u00edt\u00e1sok nyugalmat \u00e9s v\u00e9delmet ny\u00fajtanak az \u00faton. A KGFB m\u00e1soknak okozott k\u00e1rokra terjed ki, a Casco saj\u00e1t j\u00e1rm\u0171ved v\u00e9delm\u00e9t biztos\u00edtja, m\u00edg a GAP biztos\u00edt\u00e1s a p\u00e9nz\u00fcgyi k\u00fcl\u00f6nbs\u00e9get p\u00f3tolja teljes k\u00e1r eset\u00e9n. Ezek egy\u00fctt garant\u00e1lj\u00e1k, hogy b\u00e1rmi t\u00f6rt\u00e9njen az utakon, te \u00e9s j\u00e1rm\u0171ved biztons\u00e1gban lesztek.<\/p><p>Ha bizonytalan vagy, melyik biztos\u00edt\u00e1s a legmegfelel\u0151bb sz\u00e1modra, keresd fel a Biztipont.hu-t.<\/p><p>Mi seg\u00edt\u00fcnk a legjobb d\u00f6nt\u00e9s meghozatal\u00e1ban, hogy nyugodtan vezethess!<\/p><p>\u00a0<\/p>\t\t\t\t\t\t\t\t<\/div>\n\t\t\t\t<div class=\"elementor-element elementor-element-5e53410 elementor-mobile-align-center elementor-widget elementor-widget-button\" data-id=\"5e53410\" data-element_type=\"widget\" data-e-type=\"widget\" data-widget_type=\"button.default\">\n\t\t\t\t\t\t\t\t\t\t<a class=\"elementor-button elementor-button-link elementor-size-sm\" href=\"https:\/\/biztipont.hu\/?page_id=339\">\n\t\t\t\t\t\t<span class=\"elementor-button-content-wrapper\">\n\t\t\t\t\t\t<span class=\"elementor-button-icon\">\n\t\t\t\t<svg aria-hidden=\"true\" class=\"e-font-icon-svg e-fas-handshake\" viewBox=\"0 0 640 512\" xmlns=\"http:\/\/www.w3.org\/2000\/svg\"><path d=\"M434.7 64h-85.9c-8 0-15.7 3-21.6 8.4l-98.3 90c-.1.1-.2.3-.3.4-16.6 15.6-16.3 40.5-2.1 56 12.7 13.9 39.4 17.6 56.1 2.7.1-.1.3-.1.4-.2l79.9-73.2c6.5-5.9 16.7-5.5 22.6 1 6 6.5 5.5 16.6-1 22.6l-26.1 23.9L504 313.8c2.9 2.4 5.5 5 7.9 7.7V128l-54.6-54.6c-5.9-6-14.1-9.4-22.6-9.4zM544 128.2v223.9c0 17.7 14.3 32 32 32h64V128.2h-96zm48 223.9c-8.8 0-16-7.2-16-16s7.2-16 16-16 16 7.2 16 16-7.2 16-16 16zM0 384h64c17.7 0 32-14.3 32-32V128.2H0V384zm48-63.9c8.8 0 16 7.2 16 16s-7.2 16-16 16-16-7.2-16-16c0-8.9 7.2-16 16-16zm435.9 18.6L334.6 217.5l-30 27.5c-29.7 27.1-75.2 24.5-101.7-4.4-26.9-29.4-24.8-74.9 4.4-101.7L289.1 64h-83.8c-8.5 0-16.6 3.4-22.6 9.4L128 128v223.9h18.3l90.5 81.9c27.4 22.3 67.7 18.1 90-9.3l.2-.2 17.9 15.5c15.9 13 39.4 10.5 52.3-5.4l31.4-38.6 5.4 4.4c13.7 11.1 33.9 9.1 45-4.7l9.5-11.7c11.2-13.8 9.1-33.9-4.6-45.1z\"><\/path><\/svg>\t\t\t<\/span>\n\t\t\t\t\t\t\t\t\t<span class=\"elementor-button-text\">Biztos\u00edt\u00e1si aj\u00e1nlatot k\u00e9rek!<\/span>\n\t\t\t\t\t<\/span>\n\t\t\t\t\t<\/a>\n\t\t\t\t\t\t\t\t<\/div>\n\t\t\t\t<\/div>\n\t\t\t\t<\/div>\n\t\t\t\t<\/div>\n\t\t\t\t<\/div>\n\t\t","protected":false},"excerpt":{"rendered":"<p>K\u00e9sz\u00fclj fel biztos\u00edt\u00e1ssal a v\u00e1ratlan helyzetekre! K\u00f6telez\u0151 g\u00e9pj\u00e1rm\u0171 felel\u0151ss\u00e9g biztos\u00edt\u00e1s A KGFB minden g\u00e9pj\u00e1rm\u0171 tulajdonos sz\u00e1m\u00e1ra el\u0151\u00edrt biztos\u00edt\u00e1s, amely fedezetet ny\u00fajt, ha a j\u00e1rm\u0171vel okozott baleset sor\u00e1n m\u00e1soknak k\u00e1rt okozunk. Ez mag\u00e1ban foglalja a s\u00e9r\u00fcl\u00e9sek \u00e9s anyagi k\u00e1rok megt\u00e9r\u00edt\u00e9s\u00e9t. A KGFB biztos\u00edtja, hogy a k\u00e1rosultak k\u00e1rp\u00f3tl\u00e1sban r\u00e9szes\u00fcljenek, an\u00e9lk\u00fcl, hogy a baleset okoz\u00f3j\u00e1nak s\u00falyos anyagi terheket [&hellip;]<\/p>\n","protected":false},"author":1,"featured_media":0,"parent":0,"menu_order":0,"comment_status":"closed","ping_status":"closed","template":"","meta":{"footnotes":""},"class_list":["post-148","page","type-page","status-publish","hentry"],"_links":{"self":[{"href":"https:\/\/biztipont.hu\/index.php?rest_route=\/wp\/v2\/pages\/148","targetHints":{"allow":["GET"]}}],"collection":[{"href":"https:\/\/biztipont.hu\/index.php?rest_route=\/wp\/v2\/pages"}],"about":[{"href":"https:\/\/biztipont.hu\/index.php?rest_route=\/wp\/v2\/types\/page"}],"author":[{"embeddable":true,"href":"https:\/\/biztipont.hu\/index.php?rest_route=\/wp\/v2\/users\/1"}],"replies":[{"embeddable":true,"href":"https:\/\/biztipont.hu\/index.php?rest_route=%2Fwp%2Fv2%2Fcomments&post=148"}],"version-history":[{"count":0,"href":"https:\/\/biztipont.hu\/index.php?rest_route=\/wp\/v2\/pages\/148\/revisions"}],"wp:attachment":[{"href":"https:\/\/biztipont.hu\/index.php?rest_route=%2Fwp%2Fv2%2Fmedia&parent=148"}],"curies":[{"name":"wp","href":"https:\/\/api.w.org\/{rel}","templated":true}]}}