{"id":138,"date":"2024-02-28T12:48:42","date_gmt":"2024-02-28T12:48:42","guid":{"rendered":"https:\/\/biztipont.hu\/?page_id=138"},"modified":"2024-04-20T20:51:51","modified_gmt":"2024-04-20T20:51:51","slug":"lakasbiztositas","status":"publish","type":"page","link":"https:\/\/biztipont.hu\/?page_id=138","title":{"rendered":"Lak\u00e1sbiztos\u00edt\u00e1s"},"content":{"rendered":"\t\t<div data-elementor-type=\"wp-page\" data-elementor-id=\"138\" class=\"elementor elementor-138\" data-elementor-post-type=\"page\">\n\t\t\t\t<div class=\"elementor-element elementor-element-bf9340e e-con-full e-flex e-con e-parent\" data-id=\"bf9340e\" data-element_type=\"container\" data-e-type=\"container\">\n\t\t<div class=\"elementor-element elementor-element-9ce563d e-con-full e-flex e-con e-child\" data-id=\"9ce563d\" data-element_type=\"container\" data-e-type=\"container\" data-settings=\"{&quot;background_background&quot;:&quot;classic&quot;}\">\n\t\t\t\t<div class=\"elementor-element elementor-element-860833a elementor-widget elementor-widget-heading\" data-id=\"860833a\" data-element_type=\"widget\" data-e-type=\"widget\" data-widget_type=\"heading.default\">\n\t\t\t\t\t<h2 class=\"elementor-heading-title elementor-size-default\">K\u00e9sz\u00fclj fel biztos\u00edt\u00e1ssal a v\u00e1ratlan helyzetekre!<\/h2>\t\t\t\t<\/div>\n\t\t\t\t<\/div>\n\t\t\t\t<\/div>\n\t\t<div class=\"elementor-element elementor-element-b46b8b3 e-flex e-con-boxed e-con e-parent\" data-id=\"b46b8b3\" data-element_type=\"container\" data-e-type=\"container\" data-settings=\"{&quot;background_background&quot;:&quot;classic&quot;}\">\n\t\t\t\t\t<div class=\"e-con-inner\">\n\t\t\t\t<div class=\"elementor-element elementor-element-38f07c4 elementor-widget elementor-widget-heading\" data-id=\"38f07c4\" data-element_type=\"widget\" data-e-type=\"widget\" data-widget_type=\"heading.default\">\n\t\t\t\t\t<h2 class=\"elementor-heading-title elementor-size-default\">Az otthon nem csup\u00e1n falak \u00e9s b\u00fatorok, hanem boldog pillanatok \u00e9s eml\u00e9kek meghitt helysz\u00edne.<\/h2>\t\t\t\t<\/div>\n\t\t\t\t\t<\/div>\n\t\t\t\t<\/div>\n\t\t<div class=\"elementor-element elementor-element-af4c5d3 e-flex e-con-boxed e-con e-parent\" data-id=\"af4c5d3\" data-element_type=\"container\" data-e-type=\"container\">\n\t\t\t\t\t<div class=\"e-con-inner\">\n\t\t\t\t<div class=\"elementor-element elementor-element-d0fbbef elementor-widget elementor-widget-text-editor\" data-id=\"d0fbbef\" data-element_type=\"widget\" data-e-type=\"widget\" data-widget_type=\"text-editor.default\">\n\t\t\t\t\t\t\t\t\t<p>Minden sarka \u00e9s t\u00e1rgya t\u00f6rt\u00e9neteket mes\u00e9l el. A lak\u00e1sbiztos\u00edt\u00e1s nem csup\u00e1n anyagi v\u00e9delmet ny\u00fajt otthonunknak, hanem lelki b\u00e9k\u00e9t is ad sz\u00e1munkra. Ez a biztos\u00edt\u00e1s olyan, mint egy l\u00e1thatatlan pajzs, ami \u00f3vja a lak\u00e1st a v\u00e1ratlan esem\u00e9nyekt\u0151l, mint a t\u0171z, v\u00edzk\u00e1r, vagy bet\u00f6r\u00e9s. Az otthonunk t\u00f6bb mint n\u00e9gy fal \u00e9s egy tet\u0151; az eml\u00e9keink, \u00e1lmaink \u00e9s a szeretteink tal\u00e1lkoz\u00f3helye. A lak\u00e1sbiztos\u00edt\u00e1s seg\u00edt meg\u0151rizni ezt a biztons\u00e1got \u00e9s nyugalmat, tudva, hogy b\u00e1rmilyen v\u00e1ratlan helyzet ad\u00f3dik, van egy megb\u00edzhat\u00f3 v\u00e9delm\u00fcnk, ami seg\u00edt helyre\u00e1ll\u00edtani mindazt, amit \u00e9vek alatt fel\u00e9p\u00edtett\u00fcnk. Ez a biztos\u00edt\u00e1s teh\u00e1t nem csup\u00e1n anyagi, hanem \u00e9rzelmi v\u00e9delmet is jelent, hiszen az otthonunk a sz\u00edv\u00fcnk egy darabja.<\/p>\t\t\t\t\t\t\t\t<\/div>\n\t\t\t\t\t<\/div>\n\t\t\t\t<\/div>\n\t\t<div class=\"elementor-element elementor-element-22cf0dc e-flex e-con-boxed e-con e-parent\" data-id=\"22cf0dc\" data-element_type=\"container\" data-e-type=\"container\">\n\t\t\t\t\t<div class=\"e-con-inner\">\n\t\t<div class=\"elementor-element elementor-element-c478650 e-flex e-con-boxed e-con e-child\" data-id=\"c478650\" data-element_type=\"container\" data-e-type=\"container\" data-settings=\"{&quot;background_background&quot;:&quot;classic&quot;}\">\n\t\t\t\t\t<div class=\"e-con-inner\">\n\t\t<div class=\"elementor-element elementor-element-ddeb14f e-con-full e-flex e-con e-child\" data-id=\"ddeb14f\" data-element_type=\"container\" data-e-type=\"container\">\n\t\t\t\t<div class=\"elementor-element elementor-element-e793f5f elementor-widget elementor-widget-text-editor\" data-id=\"e793f5f\" data-element_type=\"widget\" data-e-type=\"widget\" data-widget_type=\"text-editor.default\">\n\t\t\t\t\t\t\t\t\t<p>Lak\u00e1sbiztos\u00edt\u00e1s<\/p>\t\t\t\t\t\t\t\t<\/div>\n\t\t\t\t<div class=\"elementor-element elementor-element-018e8fc elementor-widget elementor-widget-text-editor\" data-id=\"018e8fc\" data-element_type=\"widget\" data-e-type=\"widget\" data-widget_type=\"text-editor.default\">\n\t\t\t\t\t\t\t\t\t<p>A Lak\u00e1sbiztos\u00edt\u00e1s v\u00e9delmet ny\u00fajt a leggyakoribb otthoni probl\u00e9m\u00e1kra: t\u0171zk\u00e1r, v\u00edzk\u00e1r, bet\u00f6r\u00e9s \u00e9s term\u00e9szeti katasztr\u00f3f\u00e1k ellen. Ez mag\u00e1ban foglalhatja az \u00e9p\u00fclet szerkezet\u00e9t, berendez\u00e9seit, valamint a szem\u00e9lyes t\u00e1rgyakat. A biztos\u00edt\u00e1s seg\u00edt a k\u00e1rok helyre\u00e1ll\u00edt\u00e1s\u00e1ban \u00e9s az elveszett vagy megrong\u00e1l\u00f3dott vagyont\u00e1rgyak p\u00f3tl\u00e1s\u00e1ban.<\/p><p><strong>V\u00e1lassz minket, mi levessz\u00fck a biztos\u00edt\u00e1sokkal j\u00e1r\u00f3 terhet a v\u00e1lladr\u00f3l!<\/strong><\/p>\t\t\t\t\t\t\t\t<\/div>\n\t\t\t\t<div class=\"elementor-element elementor-element-d85fb69 elementor-mobile-align-center elementor-widget elementor-widget-button\" data-id=\"d85fb69\" data-element_type=\"widget\" data-e-type=\"widget\" data-widget_type=\"button.default\">\n\t\t\t\t\t\t\t\t\t\t<a class=\"elementor-button elementor-button-link elementor-size-sm\" href=\"https:\/\/biztipont.hu\/?page_id=339\">\n\t\t\t\t\t\t<span class=\"elementor-button-content-wrapper\">\n\t\t\t\t\t\t<span class=\"elementor-button-icon\">\n\t\t\t\t<svg aria-hidden=\"true\" class=\"e-font-icon-svg e-fas-home\" viewBox=\"0 0 576 512\" xmlns=\"http:\/\/www.w3.org\/2000\/svg\"><path d=\"M280.37 148.26L96 300.11V464a16 16 0 0 0 16 16l112.06-.29a16 16 0 0 0 15.92-16V368a16 16 0 0 1 16-16h64a16 16 0 0 1 16 16v95.64a16 16 0 0 0 16 16.05L464 480a16 16 0 0 0 16-16V300L295.67 148.26a12.19 12.19 0 0 0-15.3 0zM571.6 251.47L488 182.56V44.05a12 12 0 0 0-12-12h-56a12 12 0 0 0-12 12v72.61L318.47 43a48 48 0 0 0-61 0L4.34 251.47a12 12 0 0 0-1.6 16.9l25.5 31A12 12 0 0 0 45.15 301l235.22-193.74a12.19 12.19 0 0 1 15.3 0L530.9 301a12 12 0 0 0 16.9-1.6l25.5-31a12 12 0 0 0-1.7-16.93z\"><\/path><\/svg>\t\t\t<\/span>\n\t\t\t\t\t\t\t\t\t<span class=\"elementor-button-text\">Biztos\u00edtsd otthonod most!<\/span>\n\t\t\t\t\t<\/span>\n\t\t\t\t\t<\/a>\n\t\t\t\t\t\t\t\t<\/div>\n\t\t\t\t<\/div>\n\t\t<div class=\"elementor-element elementor-element-f2f447e e-con-full e-flex e-con e-child\" data-id=\"f2f447e\" data-element_type=\"container\" data-e-type=\"container\">\n\t\t\t\t<div class=\"elementor-element elementor-element-b5da928 elementor-widget elementor-widget-image\" data-id=\"b5da928\" data-element_type=\"widget\" data-e-type=\"widget\" data-widget_type=\"image.default\">\n\t\t\t\t\t\t\t\t\t\t\t\t\t\t\t<img fetchpriority=\"high\" decoding=\"async\" width=\"750\" height=\"450\" src=\"https:\/\/biztipont.hu\/wp-content\/uploads\/2024\/04\/douglas-sheppard-9rYfG8sWRVo-unsplash-min.jpg\" class=\"attachment-large size-large wp-image-2991\" alt=\"\" srcset=\"https:\/\/biztipont.hu\/wp-content\/uploads\/2024\/04\/douglas-sheppard-9rYfG8sWRVo-unsplash-min.jpg 750w, https:\/\/biztipont.hu\/wp-content\/uploads\/2024\/04\/douglas-sheppard-9rYfG8sWRVo-unsplash-min-300x180.jpg 300w\" sizes=\"(max-width: 750px) 100vw, 750px\" \/>\t\t\t\t\t\t\t\t\t\t\t\t\t\t\t<\/div>\n\t\t\t\t<\/div>\n\t\t\t\t\t<\/div>\n\t\t\t\t<\/div>\n\t\t\t\t\t<\/div>\n\t\t\t\t<\/div>\n\t\t<div class=\"elementor-element elementor-element-66d65fe e-transform e-flex e-con-boxed e-con e-parent\" data-id=\"66d65fe\" data-element_type=\"container\" data-e-type=\"container\" data-settings=\"{&quot;_transform_rotateZ_effect&quot;:{&quot;unit&quot;:&quot;px&quot;,&quot;size&quot;:&quot;&quot;,&quot;sizes&quot;:[]},&quot;_transform_rotateZ_effect_tablet&quot;:{&quot;unit&quot;:&quot;deg&quot;,&quot;size&quot;:&quot;&quot;,&quot;sizes&quot;:[]},&quot;_transform_rotateZ_effect_mobile&quot;:{&quot;unit&quot;:&quot;deg&quot;,&quot;size&quot;:&quot;&quot;,&quot;sizes&quot;:[]}}\">\n\t\t\t\t\t<div class=\"e-con-inner\">\n\t\t<div class=\"elementor-element elementor-element-0661a93 e-flex e-con-boxed e-con e-child\" data-id=\"0661a93\" data-element_type=\"container\" data-e-type=\"container\">\n\t\t\t\t\t<div class=\"e-con-inner\">\n\t\t<div class=\"elementor-element elementor-element-4db6914 e-flex e-con-boxed e-con e-child\" data-id=\"4db6914\" data-element_type=\"container\" data-e-type=\"container\" data-settings=\"{&quot;background_background&quot;:&quot;classic&quot;}\">\n\t\t\t\t\t<div class=\"e-con-inner\">\n\t\t<div class=\"elementor-element elementor-element-64d7305 e-con-full e-flex e-con e-child\" data-id=\"64d7305\" data-element_type=\"container\" data-e-type=\"container\">\n\t\t\t\t<div class=\"elementor-element elementor-element-d7a3a3f elementor-widget elementor-widget-text-editor\" data-id=\"d7a3a3f\" data-element_type=\"widget\" data-e-type=\"widget\" data-widget_type=\"text-editor.default\">\n\t\t\t\t\t\t\t\t\t<p>MFO<\/p>\t\t\t\t\t\t\t\t<\/div>\n\t\t\t\t<div class=\"elementor-element elementor-element-d0830ec elementor-widget elementor-widget-text-editor\" data-id=\"d0830ec\" data-element_type=\"widget\" data-e-type=\"widget\" data-widget_type=\"text-editor.default\">\n\t\t\t\t\t\t\t\t\t<p>A Min\u0151s\u00edtett Fogyaszt\u00f3bar\u00e1t Otthonbiztos\u00edt\u00e1s (MFO) sz\u00e9lesebb k\u00f6r\u0171 v\u00e9delmet ny\u00fajt, mint a hagyom\u00e1nyos lak\u00e1sbiztos\u00edt\u00e1sok: kiterjed t\u0171zre, v\u00edzk\u00e1rra, bet\u00f6r\u00e9sre, term\u00e9szeti csap\u00e1sokra \u00e9s k\u00fcl\u00f6nleges, speci\u00e1lis kieg\u00e9sz\u00edt\u0151 fedezetekre is. Az MFO biztos\u00edt\u00e1s \u00e1tl\u00e1that\u00f3 felt\u00e9telekkel, gyors k\u00e1rrendez\u00e9ssel \u00e9s kedvez\u0151 d\u00edjakkal k\u00edn\u00e1l kiterjedt v\u00e9delmet otthonod sz\u00e1m\u00e1ra.<\/p><p><strong>V\u00e1lassz minket, mi levessz\u00fck a biztos\u00edt\u00e1sokkal j\u00e1r\u00f3 terhet a v\u00e1lladr\u00f3l!<\/strong><\/p>\t\t\t\t\t\t\t\t<\/div>\n\t\t\t\t<div class=\"elementor-element elementor-element-8c28809 elementor-mobile-align-center elementor-widget elementor-widget-button\" data-id=\"8c28809\" data-element_type=\"widget\" data-e-type=\"widget\" data-widget_type=\"button.default\">\n\t\t\t\t\t\t\t\t\t\t<a class=\"elementor-button elementor-button-link elementor-size-sm\" href=\"https:\/\/biztipont.hu\/?page_id=339\">\n\t\t\t\t\t\t<span class=\"elementor-button-content-wrapper\">\n\t\t\t\t\t\t<span class=\"elementor-button-icon\">\n\t\t\t\t<svg aria-hidden=\"true\" class=\"e-font-icon-svg e-fas-home\" viewBox=\"0 0 576 512\" xmlns=\"http:\/\/www.w3.org\/2000\/svg\"><path d=\"M280.37 148.26L96 300.11V464a16 16 0 0 0 16 16l112.06-.29a16 16 0 0 0 15.92-16V368a16 16 0 0 1 16-16h64a16 16 0 0 1 16 16v95.64a16 16 0 0 0 16 16.05L464 480a16 16 0 0 0 16-16V300L295.67 148.26a12.19 12.19 0 0 0-15.3 0zM571.6 251.47L488 182.56V44.05a12 12 0 0 0-12-12h-56a12 12 0 0 0-12 12v72.61L318.47 43a48 48 0 0 0-61 0L4.34 251.47a12 12 0 0 0-1.6 16.9l25.5 31A12 12 0 0 0 45.15 301l235.22-193.74a12.19 12.19 0 0 1 15.3 0L530.9 301a12 12 0 0 0 16.9-1.6l25.5-31a12 12 0 0 0-1.7-16.93z\"><\/path><\/svg>\t\t\t<\/span>\n\t\t\t\t\t\t\t\t\t<span class=\"elementor-button-text\">Biztos\u00edtsd otthonod most!<\/span>\n\t\t\t\t\t<\/span>\n\t\t\t\t\t<\/a>\n\t\t\t\t\t\t\t\t<\/div>\n\t\t\t\t<\/div>\n\t\t<div class=\"elementor-element elementor-element-dd74b27 e-con-full e-flex e-con e-child\" data-id=\"dd74b27\" data-element_type=\"container\" data-e-type=\"container\">\n\t\t\t\t<div class=\"elementor-element elementor-element-f8fd042 elementor-widget elementor-widget-image\" data-id=\"f8fd042\" data-element_type=\"widget\" data-e-type=\"widget\" data-widget_type=\"image.default\">\n\t\t\t\t\t\t\t\t\t\t\t\t\t\t\t<img decoding=\"async\" width=\"800\" height=\"450\" src=\"https:\/\/biztipont.hu\/wp-content\/uploads\/2024\/04\/money-hu-ev-vegi-hajra-a-lakashitelezesben.jpg\" class=\"attachment-large size-large wp-image-2985\" alt=\"\" srcset=\"https:\/\/biztipont.hu\/wp-content\/uploads\/2024\/04\/money-hu-ev-vegi-hajra-a-lakashitelezesben.jpg 800w, https:\/\/biztipont.hu\/wp-content\/uploads\/2024\/04\/money-hu-ev-vegi-hajra-a-lakashitelezesben-300x169.jpg 300w, https:\/\/biztipont.hu\/wp-content\/uploads\/2024\/04\/money-hu-ev-vegi-hajra-a-lakashitelezesben-768x432.jpg 768w\" sizes=\"(max-width: 800px) 100vw, 800px\" \/>\t\t\t\t\t\t\t\t\t\t\t\t\t\t\t<\/div>\n\t\t\t\t<\/div>\n\t\t\t\t\t<\/div>\n\t\t\t\t<\/div>\n\t\t\t\t\t<\/div>\n\t\t\t\t<\/div>\n\t\t\t\t\t<\/div>\n\t\t\t\t<\/div>\n\t\t<div class=\"elementor-element elementor-element-27d1275 e-flex e-con-boxed e-con e-parent\" data-id=\"27d1275\" data-element_type=\"container\" data-e-type=\"container\">\n\t\t\t\t\t<div class=\"e-con-inner\">\n\t\t<div class=\"elementor-element elementor-element-d6d79b2 e-flex e-con-boxed e-con e-child\" data-id=\"d6d79b2\" data-element_type=\"container\" data-e-type=\"container\">\n\t\t\t\t\t<div class=\"e-con-inner\">\n\t\t<div class=\"elementor-element elementor-element-86d0fe6 e-flex e-con-boxed e-con e-child\" data-id=\"86d0fe6\" data-element_type=\"container\" data-e-type=\"container\" data-settings=\"{&quot;background_background&quot;:&quot;classic&quot;}\">\n\t\t\t\t\t<div class=\"e-con-inner\">\n\t\t<div class=\"elementor-element elementor-element-cb99ab3 e-con-full e-flex e-con e-child\" data-id=\"cb99ab3\" data-element_type=\"container\" data-e-type=\"container\">\n\t\t\t\t<div class=\"elementor-element elementor-element-54f2ec3 elementor-widget elementor-widget-text-editor\" data-id=\"54f2ec3\" data-element_type=\"widget\" data-e-type=\"widget\" data-widget_type=\"text-editor.default\">\n\t\t\t\t\t\t\t\t\t<p>T\u00e1rsash\u00e1z biztos\u00edt\u00e1s<\/p>\t\t\t\t\t\t\t\t<\/div>\n\t\t\t\t<div class=\"elementor-element elementor-element-438285b elementor-widget elementor-widget-text-editor\" data-id=\"438285b\" data-element_type=\"widget\" data-e-type=\"widget\" data-widget_type=\"text-editor.default\">\n\t\t\t\t\t\t\t\t\t<p>A t\u00e1rsash\u00e1z biztos\u00edt\u00e1s \u00e1tfog\u00f3 v\u00e9delmet ny\u00fajt az \u00e9p\u00fcletnek \u00e9s k\u00f6z\u00f6s ter\u00fcleteinek, mint a l\u00e9pcs\u0151h\u00e1zak, lift, tet\u0151, a t\u0171z, v\u00edzk\u00e1r, bet\u00f6r\u00e9s, \u00e9s term\u00e9szeti katasztr\u00f3f\u00e1k ellen. Ez mag\u00e1ban foglalja a k\u00f6z\u00f6s tulajdonban l\u00e9v\u0151 szerkezetek \u00e9s berendez\u00e9sek biztos\u00edt\u00e1s\u00e1t, valamint a lak\u00f3k szem\u00e9lyes felel\u0151ss\u00e9g\u00e9b\u0151l ered\u0151 k\u00e1rokra is kiterjed\u0151 fedezetet.<br \/><br \/><\/p><p><strong>V\u00e1lassz minket, mi levessz\u00fck a biztos\u00edt\u00e1sokkal j\u00e1r\u00f3 terhet a v\u00e1lladr\u00f3l!<\/strong><\/p>\t\t\t\t\t\t\t\t<\/div>\n\t\t\t\t<div class=\"elementor-element elementor-element-658728e elementor-mobile-align-center elementor-widget elementor-widget-button\" data-id=\"658728e\" data-element_type=\"widget\" data-e-type=\"widget\" data-widget_type=\"button.default\">\n\t\t\t\t\t\t\t\t\t\t<a class=\"elementor-button elementor-button-link elementor-size-sm\" href=\"https:\/\/biztipont.hu\/?page_id=339\">\n\t\t\t\t\t\t<span class=\"elementor-button-content-wrapper\">\n\t\t\t\t\t\t<span class=\"elementor-button-icon\">\n\t\t\t\t<svg aria-hidden=\"true\" class=\"e-font-icon-svg e-fas-home\" viewBox=\"0 0 576 512\" xmlns=\"http:\/\/www.w3.org\/2000\/svg\"><path d=\"M280.37 148.26L96 300.11V464a16 16 0 0 0 16 16l112.06-.29a16 16 0 0 0 15.92-16V368a16 16 0 0 1 16-16h64a16 16 0 0 1 16 16v95.64a16 16 0 0 0 16 16.05L464 480a16 16 0 0 0 16-16V300L295.67 148.26a12.19 12.19 0 0 0-15.3 0zM571.6 251.47L488 182.56V44.05a12 12 0 0 0-12-12h-56a12 12 0 0 0-12 12v72.61L318.47 43a48 48 0 0 0-61 0L4.34 251.47a12 12 0 0 0-1.6 16.9l25.5 31A12 12 0 0 0 45.15 301l235.22-193.74a12.19 12.19 0 0 1 15.3 0L530.9 301a12 12 0 0 0 16.9-1.6l25.5-31a12 12 0 0 0-1.7-16.93z\"><\/path><\/svg>\t\t\t<\/span>\n\t\t\t\t\t\t\t\t\t<span class=\"elementor-button-text\">Biztos\u00edtsd otthonod most!<\/span>\n\t\t\t\t\t<\/span>\n\t\t\t\t\t<\/a>\n\t\t\t\t\t\t\t\t<\/div>\n\t\t\t\t<\/div>\n\t\t<div class=\"elementor-element elementor-element-96ab0d6 e-con-full e-flex e-con e-child\" data-id=\"96ab0d6\" data-element_type=\"container\" data-e-type=\"container\">\n\t\t\t\t<div class=\"elementor-element elementor-element-28e5c9b elementor-widget elementor-widget-image\" data-id=\"28e5c9b\" data-element_type=\"widget\" data-e-type=\"widget\" data-widget_type=\"image.default\">\n\t\t\t\t\t\t\t\t\t\t\t\t\t\t\t<img decoding=\"async\" width=\"700\" height=\"400\" src=\"https:\/\/biztipont.hu\/wp-content\/uploads\/2024\/04\/1634198011-cV3UES80s_lg.jpg\" class=\"attachment-large size-large wp-image-3070\" alt=\"\" srcset=\"https:\/\/biztipont.hu\/wp-content\/uploads\/2024\/04\/1634198011-cV3UES80s_lg.jpg 700w, https:\/\/biztipont.hu\/wp-content\/uploads\/2024\/04\/1634198011-cV3UES80s_lg-300x171.jpg 300w\" sizes=\"(max-width: 700px) 100vw, 700px\" \/>\t\t\t\t\t\t\t\t\t\t\t\t\t\t\t<\/div>\n\t\t\t\t<\/div>\n\t\t\t\t\t<\/div>\n\t\t\t\t<\/div>\n\t\t\t\t\t<\/div>\n\t\t\t\t<\/div>\n\t\t\t\t\t<\/div>\n\t\t\t\t<\/div>\n\t\t<div class=\"elementor-element elementor-element-90b7954 e-con-full e-flex e-con e-parent\" data-id=\"90b7954\" data-element_type=\"container\" data-e-type=\"container\" data-settings=\"{&quot;background_background&quot;:&quot;classic&quot;}\">\n\t\t<div class=\"elementor-element elementor-element-f440737 e-con-full e-flex e-con e-child\" data-id=\"f440737\" data-element_type=\"container\" data-e-type=\"container\" data-settings=\"{&quot;background_background&quot;:&quot;classic&quot;}\">\n\t\t\t\t<div class=\"elementor-element elementor-element-04e4739 elementor-widget elementor-widget-heading\" data-id=\"04e4739\" data-element_type=\"widget\" data-e-type=\"widget\" data-widget_type=\"heading.default\">\n\t\t\t\t\t<h2 class=\"elementor-heading-title elementor-size-default\">K\u00e9rd\u00e9sed van?<\/h2>\t\t\t\t<\/div>\n\t\t\t\t<div class=\"elementor-element elementor-element-b290530 elementor-widget elementor-widget-text-editor\" data-id=\"b290530\" data-element_type=\"widget\" data-e-type=\"widget\" data-widget_type=\"text-editor.default\">\n\t\t\t\t\t\t\t\t\t<p>Seg\u00edts\u00e9gre, tan\u00e1csra van sz\u00fcks\u00e9ged!<\/p>\t\t\t\t\t\t\t\t<\/div>\n\t\t\t\t<\/div>\n\t\t<div class=\"elementor-element elementor-element-b33933a e-con-full e-flex e-con e-child\" data-id=\"b33933a\" data-element_type=\"container\" data-e-type=\"container\">\n\t\t\t\t<div class=\"elementor-element elementor-element-5c44a89 elementor-widget elementor-widget-text-editor\" data-id=\"5c44a89\" data-element_type=\"widget\" data-e-type=\"widget\" data-widget_type=\"text-editor.default\">\n\t\t\t\t\t\t\t\t\t<p>L\u00e9pj vel\u00fcnk kapcsolatba ak\u00e1r szem\u00e9lyesen, ak\u00e1r telefonon, ahol tapasztalt, f\u00fcggetlen biztos\u00edt\u00e1si alkuszaink \u00e1llnak rendelkez\u00e9sedre. Foglalj id\u0151pontot, hogy k\u00f6z\u00f6sen megtal\u00e1lhassuk a sz\u00e1modra t\u00f6k\u00e9letes biztos\u00edt\u00e1si megold\u00e1st. Mi T\u00e9ged k\u00e9pvisel\u00fcnk a biztos\u00edt\u00f3kkal szemben, \u00edgy biztos lehetsz a sz\u00e1modra legkedvez\u0151bb aj\u00e1nlatban.<\/p><p>Vedd kezedbe a j\u00f6v\u0151det a Biztipont.hu seg\u00edts\u00e9g\u00e9vel!<\/p>\t\t\t\t\t\t\t\t<\/div>\n\t\t\t\t<div class=\"elementor-element elementor-element-474fa0a elementor-mobile-align-center elementor-widget elementor-widget-button\" data-id=\"474fa0a\" data-element_type=\"widget\" data-e-type=\"widget\" data-widget_type=\"button.default\">\n\t\t\t\t\t\t\t\t\t\t<a class=\"elementor-button elementor-button-link elementor-size-sm\" href=\"https:\/\/biztipont.hu\/?page_id=339\">\n\t\t\t\t\t\t<span class=\"elementor-button-content-wrapper\">\n\t\t\t\t\t\t<span class=\"elementor-button-icon\">\n\t\t\t\t<svg aria-hidden=\"true\" class=\"e-font-icon-svg e-fas-home\" viewBox=\"0 0 576 512\" xmlns=\"http:\/\/www.w3.org\/2000\/svg\"><path d=\"M280.37 148.26L96 300.11V464a16 16 0 0 0 16 16l112.06-.29a16 16 0 0 0 15.92-16V368a16 16 0 0 1 16-16h64a16 16 0 0 1 16 16v95.64a16 16 0 0 0 16 16.05L464 480a16 16 0 0 0 16-16V300L295.67 148.26a12.19 12.19 0 0 0-15.3 0zM571.6 251.47L488 182.56V44.05a12 12 0 0 0-12-12h-56a12 12 0 0 0-12 12v72.61L318.47 43a48 48 0 0 0-61 0L4.34 251.47a12 12 0 0 0-1.6 16.9l25.5 31A12 12 0 0 0 45.15 301l235.22-193.74a12.19 12.19 0 0 1 15.3 0L530.9 301a12 12 0 0 0 16.9-1.6l25.5-31a12 12 0 0 0-1.7-16.93z\"><\/path><\/svg>\t\t\t<\/span>\n\t\t\t\t\t\t\t\t\t<span class=\"elementor-button-text\">Biztos\u00edtsd otthonod vel\u00fcnk!<\/span>\n\t\t\t\t\t<\/span>\n\t\t\t\t\t<\/a>\n\t\t\t\t\t\t\t\t<\/div>\n\t\t\t\t<\/div>\n\t\t\t\t<\/div>\n\t\t\t\t<\/div>\n\t\t","protected":false},"excerpt":{"rendered":"<p>K\u00e9sz\u00fclj fel biztos\u00edt\u00e1ssal a v\u00e1ratlan helyzetekre! Az otthon nem csup\u00e1n falak \u00e9s b\u00fatorok, hanem boldog pillanatok \u00e9s eml\u00e9kek meghitt helysz\u00edne. Minden sarka \u00e9s t\u00e1rgya t\u00f6rt\u00e9neteket mes\u00e9l el. A lak\u00e1sbiztos\u00edt\u00e1s nem csup\u00e1n anyagi v\u00e9delmet ny\u00fajt otthonunknak, hanem lelki b\u00e9k\u00e9t is ad sz\u00e1munkra. Ez a biztos\u00edt\u00e1s olyan, mint egy l\u00e1thatatlan pajzs, ami \u00f3vja a lak\u00e1st a v\u00e1ratlan [&hellip;]<\/p>\n","protected":false},"author":1,"featured_media":0,"parent":0,"menu_order":0,"comment_status":"closed","ping_status":"closed","template":"","meta":{"footnotes":""},"class_list":["post-138","page","type-page","status-publish","hentry"],"_links":{"self":[{"href":"https:\/\/biztipont.hu\/index.php?rest_route=\/wp\/v2\/pages\/138","targetHints":{"allow":["GET"]}}],"collection":[{"href":"https:\/\/biztipont.hu\/index.php?rest_route=\/wp\/v2\/pages"}],"about":[{"href":"https:\/\/biztipont.hu\/index.php?rest_route=\/wp\/v2\/types\/page"}],"author":[{"embeddable":true,"href":"https:\/\/biztipont.hu\/index.php?rest_route=\/wp\/v2\/users\/1"}],"replies":[{"embeddable":true,"href":"https:\/\/biztipont.hu\/index.php?rest_route=%2Fwp%2Fv2%2Fcomments&post=138"}],"version-history":[{"count":0,"href":"https:\/\/biztipont.hu\/index.php?rest_route=\/wp\/v2\/pages\/138\/revisions"}],"wp:attachment":[{"href":"https:\/\/biztipont.hu\/index.php?rest_route=%2Fwp%2Fv2%2Fmedia&parent=138"}],"curies":[{"name":"wp","href":"https:\/\/api.w.org\/{rel}","templated":true}]}}